{"id":11681,"date":"2024-07-12T11:25:17","date_gmt":"2024-07-12T11:25:17","guid":{"rendered":"https:\/\/xcoins.com\/procedimento-de-tratamento-de-reclamacoes\/"},"modified":"2024-07-12T11:25:18","modified_gmt":"2024-07-12T11:25:18","slug":"procedimento-de-tratamento-de-reclamacoes","status":"publish","type":"page","link":"https:\/\/xcoins.com\/pt-br\/procedimento-de-tratamento-de-reclamacoes\/","title":{"rendered":"Procedimento de Tratamento de Reclama\u00e7\u00f5es"},"content":{"rendered":"\t\t<div data-elementor-type=\"wp-page\" data-elementor-id=\"11681\" class=\"elementor elementor-11681 elementor-8764\" data-elementor-post-type=\"page\">\n\t\t\t\t\t\t<section class=\"elementor-section elementor-top-section elementor-element elementor-element-0e36e72 elementor-section-boxed elementor-section-height-default elementor-section-height-default\" data-id=\"0e36e72\" data-element_type=\"section\">\n\t\t\t\t\t\t<div class=\"elementor-container elementor-column-gap-default\">\n\t\t\t\t\t<div class=\"elementor-column elementor-col-100 elementor-top-column elementor-element elementor-element-ab35b22\" data-id=\"ab35b22\" data-element_type=\"column\">\n\t\t\t<div class=\"elementor-widget-wrap elementor-element-populated\">\n\t\t\t\t\t\t<div class=\"elementor-element elementor-element-371f812 elementor-widget elementor-widget-text-editor\" data-id=\"371f812\" data-element_type=\"widget\" data-widget_type=\"text-editor.default\">\n\t\t\t\t<div class=\"elementor-widget-container\">\n\t\t\t<style>\/*! elementor - v3.21.0 - 08-05-2024 *\/\n.elementor-widget-text-editor.elementor-drop-cap-view-stacked .elementor-drop-cap{background-color:#69727d;color:#fff}.elementor-widget-text-editor.elementor-drop-cap-view-framed .elementor-drop-cap{color:#69727d;border:3px solid;background-color:transparent}.elementor-widget-text-editor:not(.elementor-drop-cap-view-default) .elementor-drop-cap{margin-top:8px}.elementor-widget-text-editor:not(.elementor-drop-cap-view-default) .elementor-drop-cap-letter{width:1em;height:1em}.elementor-widget-text-editor .elementor-drop-cap{float:left;text-align:center;line-height:1;font-size:50px}.elementor-widget-text-editor .elementor-drop-cap-letter{display:inline-block}<\/style>\t\t\t\t<h1 style=\"text-align: center;\">Procedimento de Tratamento de Reclama\u00e7\u00f5es<\/h1>\n\t\t\t\t\t\t<\/div>\n\t\t\t\t<\/div>\n\t\t\t\t\t<\/div>\n\t\t<\/div>\n\t\t\t\t\t<\/div>\n\t\t<\/section>\n\t\t\t\t<section class=\"elementor-section elementor-top-section elementor-element elementor-element-8319891 elementor-section-boxed elementor-section-height-default elementor-section-height-default\" data-id=\"8319891\" data-element_type=\"section\">\n\t\t\t\t\t\t<div class=\"elementor-container elementor-column-gap-default\">\n\t\t\t\t\t<div class=\"elementor-column elementor-col-100 elementor-top-column elementor-element elementor-element-aa5f386\" data-id=\"aa5f386\" data-element_type=\"column\">\n\t\t\t<div class=\"elementor-widget-wrap elementor-element-populated\">\n\t\t\t\t\t\t<div class=\"elementor-element elementor-element-10fefe7 elementor-widget elementor-widget-text-editor\" data-id=\"10fefe7\" data-element_type=\"widget\" data-widget_type=\"text-editor.default\">\n\t\t\t\t<div class=\"elementor-widget-container\">\n\t\t\t\t\t\t\t<p>A Xcoins (sob a CF Technologies Limited) tem o compromisso de fornecer servi\u00e7os de alta qualidade e agradece o feedback dos clientes sobre seus produtos, servi\u00e7os, desempenho e equipe como forma de monitorar e melhorar a presta\u00e7\u00e3o de servi\u00e7os aos clientes, bem como aprimorar a efic\u00e1cia e a efici\u00eancia organizacional.<\/p>\n<p>A Xcoins (sob a CF Technologies Limited) tamb\u00e9m tem o compromisso de garantir que todas as reclama\u00e7\u00f5es dos clientes sejam gerenciadas de maneira \u00e1gil, eficiente, eficaz e justa. Todas as reclama\u00e7\u00f5es ser\u00e3o tratadas com respeito e receber\u00e3o um n\u00edvel de servi\u00e7o profissional durante todo o processo de gerenciamento de reclama\u00e7\u00f5es.<\/p>\n<p>As reclama\u00e7\u00f5es podem ser relatadas pelos seguintes m\u00e9todos:<\/p>\n<ol>\n<li>Ligando para o n\u00famero internacional <span class=\"blue\">+1 (305) 946 1796<\/span> ou para o n\u00famero gratuito nos EUA <span class=\"blue\">888-712-6467<\/span><\/li>\n<li>Voc\u00ea pode enviar um e-mail para <a href=\"mailto:help@xcoins.com\">help@xcoins.com<\/a><\/li>\n<li>Escrevendo para n\u00f3s no endere\u00e7o da Empresa:<br \/><strong>Progetta House Level 0, 62 &#8211; 64 Triq it-Torri, Swatar, Birkirkara BKR 4011<\/strong><\/li>\n<\/ol>\n<p>Ap\u00f3s o recebimento de uma reclama\u00e7\u00e3o, faremos o seguinte:<\/p>\n<p>&#8211; enviar uma confirma\u00e7\u00e3o por escrito ao cliente dentro de dois (2) dias \u00fateis a partir da data de recebimento da reclama\u00e7\u00e3o.<\/p>\n<p>&#8211; enviar uma resposta ao cliente no prazo m\u00e1ximo de 15 (quinze) dias \u00fateis a partir do registro da reclama\u00e7\u00e3o.<\/p>\n<p>&#8211; se a reclama\u00e7\u00e3o n\u00e3o puder ser resolvida no prazo de quinze (15) dias, pois a investiga\u00e7\u00e3o n\u00e3o teria sido conclu\u00edda, n\u00f3s<\/p>\n<ul>\n<li>informar o cliente com uma resposta inicial informando-o sobre as causas do atraso e o status da reclama\u00e7\u00e3o.<\/li>\n<li>fornecer uma indica\u00e7\u00e3o de quando a investiga\u00e7\u00e3o provavelmente ser\u00e1 conclu\u00edda.<\/li>\n<\/ul>\n<p>&#8211; uma decis\u00e3o final ser\u00e1 fornecida ao cliente por escrito.<\/p>\n<p>Caso o cliente permane\u00e7a insatisfeito, a quest\u00e3o poder\u00e1 ser encaminhada ao Office of the:<\/p>\n<p><strong>Arbiter for Financial Services N\/S em Regional Road, Msida, MSD 1920, Malta.<\/strong><\/p>\n<p>Voc\u00ea pode obter mais informa\u00e7\u00f5es no site oficial: www.financialarbiter.org.mt<\/p>\n\t\t\t\t\t\t<\/div>\n\t\t\t\t<\/div>\n\t\t\t\t\t<\/div>\n\t\t<\/div>\n\t\t\t\t\t<\/div>\n\t\t<\/section>\n\t\t\t\t<\/div>\n\t\t","protected":false},"excerpt":{"rendered":"<p>Procedimento de Tratamento de Reclama\u00e7\u00f5es A Xcoins (sob a CF Technologies Limited) tem o compromisso de fornecer servi\u00e7os de alta [&hellip;]<\/p>\n","protected":false},"author":17,"featured_media":0,"parent":0,"menu_order":0,"comment_status":"closed","ping_status":"closed","template":"elementor_header_footer","meta":{"footnotes":""},"class_list":["post-11681","page","type-page","status-publish","hentry"],"yoast_head":"<!-- This site is optimized with the Yoast SEO Premium plugin v27.1 (Yoast SEO v27.4) - https:\/\/yoast.com\/product\/yoast-seo-premium-wordpress\/ -->\n<title>Pol\u00edtica de Reclama\u00e7\u00f5es I Xcoins<\/title>\n<meta name=\"description\" content=\"Pol\u00edtica e procedimentos de tratamento de reclama\u00e7\u00f5es da Xcoins. Compre e venda Bitcoin e criptografia instantaneamente com nossa plataforma simples e segura.\" \/>\n<meta name=\"robots\" content=\"index, follow, max-snippet:-1, max-image-preview:large, max-video-preview:-1\" \/>\n<link rel=\"canonical\" href=\"https:\/\/xcoins.com\/pt-br\/procedimento-de-tratamento-de-reclamacoes\/\" \/>\n<meta property=\"og:locale\" content=\"pt_BR\" \/>\n<meta property=\"og:type\" content=\"article\" \/>\n<meta property=\"og:title\" content=\"Procedimento de Tratamento de Reclama\u00e7\u00f5es\" \/>\n<meta property=\"og:description\" content=\"Pol\u00edtica e procedimentos de tratamento de reclama\u00e7\u00f5es da Xcoins. Compre e venda Bitcoin e criptografia instantaneamente com nossa plataforma simples e segura.\" \/>\n<meta property=\"og:url\" content=\"https:\/\/xcoins.com\/pt-br\/procedimento-de-tratamento-de-reclamacoes\/\" \/>\n<meta property=\"og:site_name\" content=\"Xcoins\u2122 Official\" \/>\n<meta property=\"article:publisher\" content=\"https:\/\/www.facebook.com\/xcoinsofficial\/\" \/>\n<meta property=\"article:modified_time\" content=\"2024-07-12T11:25:18+00:00\" \/>\n<meta property=\"og:image\" content=\"https:\/\/xcoins.com\/wp-content\/uploads\/2023\/05\/english-scaled.jpg\" \/>\n\t<meta property=\"og:image:width\" content=\"2560\" \/>\n\t<meta property=\"og:image:height\" content=\"1338\" \/>\n\t<meta property=\"og:image:type\" content=\"image\/jpeg\" \/>\n<meta name=\"twitter:card\" content=\"summary_large_image\" \/>\n<meta name=\"twitter:site\" content=\"@realxcoins\" \/>\n<meta name=\"twitter:label1\" content=\"Est. tempo de leitura\" \/>\n\t<meta name=\"twitter:data1\" content=\"2 minutos\" \/>\n<script type=\"application\/ld+json\" class=\"yoast-schema-graph\">{\"@context\":\"https:\\\/\\\/schema.org\",\"@graph\":[{\"@type\":\"WebPage\",\"@id\":\"https:\\\/\\\/xcoins.com\\\/pt-br\\\/procedimento-de-tratamento-de-reclamacoes\\\/\",\"url\":\"https:\\\/\\\/xcoins.com\\\/pt-br\\\/procedimento-de-tratamento-de-reclamacoes\\\/\",\"name\":\"Pol\u00edtica de Reclama\u00e7\u00f5es I Xcoins\",\"isPartOf\":{\"@id\":\"https:\\\/\\\/xcoins.com\\\/pt-br\\\/#website\"},\"datePublished\":\"2024-07-12T11:25:17+00:00\",\"dateModified\":\"2024-07-12T11:25:18+00:00\",\"description\":\"Pol\u00edtica e procedimentos de tratamento de reclama\u00e7\u00f5es da Xcoins. Compre e venda Bitcoin e criptografia instantaneamente com nossa plataforma simples e segura.\",\"breadcrumb\":{\"@id\":\"https:\\\/\\\/xcoins.com\\\/pt-br\\\/procedimento-de-tratamento-de-reclamacoes\\\/#breadcrumb\"},\"inLanguage\":\"pt-BR\",\"potentialAction\":[{\"@type\":\"ReadAction\",\"target\":[\"https:\\\/\\\/xcoins.com\\\/pt-br\\\/procedimento-de-tratamento-de-reclamacoes\\\/\"]}]},{\"@type\":\"BreadcrumbList\",\"@id\":\"https:\\\/\\\/xcoins.com\\\/pt-br\\\/procedimento-de-tratamento-de-reclamacoes\\\/#breadcrumb\",\"itemListElement\":[{\"@type\":\"ListItem\",\"position\":1,\"name\":\"Home\",\"item\":\"https:\\\/\\\/xcoins.com\\\/pt-br\\\/\"},{\"@type\":\"ListItem\",\"position\":2,\"name\":\"Procedimento de Tratamento de Reclama\u00e7\u00f5es\"}]},{\"@type\":\"WebSite\",\"@id\":\"https:\\\/\\\/xcoins.com\\\/pt-br\\\/#website\",\"url\":\"https:\\\/\\\/xcoins.com\\\/pt-br\\\/\",\"name\":\"Xcoins\u2122 Official\",\"description\":\"Buy and Sell Crypto Instantly\",\"publisher\":{\"@id\":\"https:\\\/\\\/xcoins.com\\\/pt-br\\\/#organization\"},\"potentialAction\":[{\"@type\":\"SearchAction\",\"target\":{\"@type\":\"EntryPoint\",\"urlTemplate\":\"https:\\\/\\\/xcoins.com\\\/pt-br\\\/?s={search_term_string}\"},\"query-input\":{\"@type\":\"PropertyValueSpecification\",\"valueRequired\":true,\"valueName\":\"search_term_string\"}}],\"inLanguage\":\"pt-BR\"},{\"@type\":\"Organization\",\"@id\":\"https:\\\/\\\/xcoins.com\\\/pt-br\\\/#organization\",\"name\":\"xcoins.com\",\"url\":\"https:\\\/\\\/xcoins.com\\\/pt-br\\\/\",\"logo\":{\"@type\":\"ImageObject\",\"inLanguage\":\"pt-BR\",\"@id\":\"https:\\\/\\\/xcoins.com\\\/pt-br\\\/#\\\/schema\\\/logo\\\/image\\\/\",\"url\":\"https:\\\/\\\/xcoins.com\\\/wp-content\\\/uploads\\\/2022\\\/01\\\/xcoins-logo.png\",\"contentUrl\":\"https:\\\/\\\/xcoins.com\\\/wp-content\\\/uploads\\\/2022\\\/01\\\/xcoins-logo.png\",\"width\":559,\"height\":559,\"caption\":\"xcoins.com\"},\"image\":{\"@id\":\"https:\\\/\\\/xcoins.com\\\/pt-br\\\/#\\\/schema\\\/logo\\\/image\\\/\"},\"sameAs\":[\"https:\\\/\\\/www.facebook.com\\\/xcoinsofficial\\\/\",\"https:\\\/\\\/x.com\\\/realxcoins\",\"https:\\\/\\\/www.instagram.com\\\/xcoins.hq\\\/\",\"https:\\\/\\\/www.linkedin.com\\\/company\\\/realxcoins\\\/\"]}]}<\/script>\n<!-- \/ Yoast SEO Premium plugin. -->","yoast_head_json":{"title":"Pol\u00edtica de Reclama\u00e7\u00f5es I Xcoins","description":"Pol\u00edtica e procedimentos de tratamento de reclama\u00e7\u00f5es da Xcoins. Compre e venda Bitcoin e criptografia instantaneamente com nossa plataforma simples e segura.","robots":{"index":"index","follow":"follow","max-snippet":"max-snippet:-1","max-image-preview":"max-image-preview:large","max-video-preview":"max-video-preview:-1"},"canonical":"https:\/\/xcoins.com\/pt-br\/procedimento-de-tratamento-de-reclamacoes\/","og_locale":"pt_BR","og_type":"article","og_title":"Procedimento de Tratamento de Reclama\u00e7\u00f5es","og_description":"Pol\u00edtica e procedimentos de tratamento de reclama\u00e7\u00f5es da Xcoins. Compre e venda Bitcoin e criptografia instantaneamente com nossa plataforma simples e segura.","og_url":"https:\/\/xcoins.com\/pt-br\/procedimento-de-tratamento-de-reclamacoes\/","og_site_name":"Xcoins\u2122 Official","article_publisher":"https:\/\/www.facebook.com\/xcoinsofficial\/","article_modified_time":"2024-07-12T11:25:18+00:00","og_image":[{"width":2560,"height":1338,"url":"https:\/\/xcoins.com\/wp-content\/uploads\/2023\/05\/english-scaled.jpg","type":"image\/jpeg"}],"twitter_card":"summary_large_image","twitter_site":"@realxcoins","twitter_misc":{"Est. tempo de leitura":"2 minutos"},"schema":{"@context":"https:\/\/schema.org","@graph":[{"@type":"WebPage","@id":"https:\/\/xcoins.com\/pt-br\/procedimento-de-tratamento-de-reclamacoes\/","url":"https:\/\/xcoins.com\/pt-br\/procedimento-de-tratamento-de-reclamacoes\/","name":"Pol\u00edtica de Reclama\u00e7\u00f5es I Xcoins","isPartOf":{"@id":"https:\/\/xcoins.com\/pt-br\/#website"},"datePublished":"2024-07-12T11:25:17+00:00","dateModified":"2024-07-12T11:25:18+00:00","description":"Pol\u00edtica e procedimentos de tratamento de reclama\u00e7\u00f5es da Xcoins. Compre e venda Bitcoin e criptografia instantaneamente com nossa plataforma simples e segura.","breadcrumb":{"@id":"https:\/\/xcoins.com\/pt-br\/procedimento-de-tratamento-de-reclamacoes\/#breadcrumb"},"inLanguage":"pt-BR","potentialAction":[{"@type":"ReadAction","target":["https:\/\/xcoins.com\/pt-br\/procedimento-de-tratamento-de-reclamacoes\/"]}]},{"@type":"BreadcrumbList","@id":"https:\/\/xcoins.com\/pt-br\/procedimento-de-tratamento-de-reclamacoes\/#breadcrumb","itemListElement":[{"@type":"ListItem","position":1,"name":"Home","item":"https:\/\/xcoins.com\/pt-br\/"},{"@type":"ListItem","position":2,"name":"Procedimento de Tratamento de Reclama\u00e7\u00f5es"}]},{"@type":"WebSite","@id":"https:\/\/xcoins.com\/pt-br\/#website","url":"https:\/\/xcoins.com\/pt-br\/","name":"Xcoins\u2122 Official","description":"Buy and Sell Crypto Instantly","publisher":{"@id":"https:\/\/xcoins.com\/pt-br\/#organization"},"potentialAction":[{"@type":"SearchAction","target":{"@type":"EntryPoint","urlTemplate":"https:\/\/xcoins.com\/pt-br\/?s={search_term_string}"},"query-input":{"@type":"PropertyValueSpecification","valueRequired":true,"valueName":"search_term_string"}}],"inLanguage":"pt-BR"},{"@type":"Organization","@id":"https:\/\/xcoins.com\/pt-br\/#organization","name":"xcoins.com","url":"https:\/\/xcoins.com\/pt-br\/","logo":{"@type":"ImageObject","inLanguage":"pt-BR","@id":"https:\/\/xcoins.com\/pt-br\/#\/schema\/logo\/image\/","url":"https:\/\/xcoins.com\/wp-content\/uploads\/2022\/01\/xcoins-logo.png","contentUrl":"https:\/\/xcoins.com\/wp-content\/uploads\/2022\/01\/xcoins-logo.png","width":559,"height":559,"caption":"xcoins.com"},"image":{"@id":"https:\/\/xcoins.com\/pt-br\/#\/schema\/logo\/image\/"},"sameAs":["https:\/\/www.facebook.com\/xcoinsofficial\/","https:\/\/x.com\/realxcoins","https:\/\/www.instagram.com\/xcoins.hq\/","https:\/\/www.linkedin.com\/company\/realxcoins\/"]}]}},"_links":{"self":[{"href":"https:\/\/xcoins.com\/pt-br\/wp-json\/wp\/v2\/pages\/11681","targetHints":{"allow":["GET"]}}],"collection":[{"href":"https:\/\/xcoins.com\/pt-br\/wp-json\/wp\/v2\/pages"}],"about":[{"href":"https:\/\/xcoins.com\/pt-br\/wp-json\/wp\/v2\/types\/page"}],"author":[{"embeddable":true,"href":"https:\/\/xcoins.com\/pt-br\/wp-json\/wp\/v2\/users\/17"}],"replies":[{"embeddable":true,"href":"https:\/\/xcoins.com\/pt-br\/wp-json\/wp\/v2\/comments?post=11681"}],"version-history":[{"count":0,"href":"https:\/\/xcoins.com\/pt-br\/wp-json\/wp\/v2\/pages\/11681\/revisions"}],"wp:attachment":[{"href":"https:\/\/xcoins.com\/pt-br\/wp-json\/wp\/v2\/media?parent=11681"}],"curies":[{"name":"wp","href":"https:\/\/api.w.org\/{rel}","templated":true}]}}