{"id":11636,"date":"2024-07-12T11:24:40","date_gmt":"2024-07-12T11:24:40","guid":{"rendered":"https:\/\/xcoins.com\/solicitacao-de-pagamentos-em-xcoins\/"},"modified":"2024-07-12T11:24:45","modified_gmt":"2024-07-12T11:24:45","slug":"solicitacao-de-pagamentos-em-xcoins","status":"publish","type":"page","link":"https:\/\/xcoins.com\/pt-br\/solicitacao-de-pagamentos-em-xcoins\/","title":{"rendered":"Solicita\u00e7\u00e3o de pagamentos em Xcoins"},"content":{"rendered":"\t\t<div data-elementor-type=\"wp-page\" data-elementor-id=\"11636\" class=\"elementor elementor-11636\" data-elementor-post-type=\"page\">\n\t\t\t\t\t\t<section class=\"elementor-section elementor-top-section elementor-element elementor-element-63db86f elementor-section-boxed elementor-section-height-default elementor-section-height-default\" data-id=\"63db86f\" data-element_type=\"section\">\n\t\t\t\t\t\t<div class=\"elementor-container elementor-column-gap-default\">\n\t\t\t\t\t<div class=\"elementor-column elementor-col-100 elementor-top-column elementor-element elementor-element-914447c\" data-id=\"914447c\" data-element_type=\"column\">\n\t\t\t<div class=\"elementor-widget-wrap elementor-element-populated\">\n\t\t\t\t\t\t<div class=\"elementor-element elementor-element-ace27cb elementor-widget elementor-widget-text-editor\" data-id=\"ace27cb\" data-element_type=\"widget\" data-widget_type=\"text-editor.default\">\n\t\t\t\t<div class=\"elementor-widget-container\">\n\t\t\t<style>\/*! elementor - v3.21.0 - 08-05-2024 *\/\n.elementor-widget-text-editor.elementor-drop-cap-view-stacked .elementor-drop-cap{background-color:#69727d;color:#fff}.elementor-widget-text-editor.elementor-drop-cap-view-framed .elementor-drop-cap{color:#69727d;border:3px solid;background-color:transparent}.elementor-widget-text-editor:not(.elementor-drop-cap-view-default) .elementor-drop-cap{margin-top:8px}.elementor-widget-text-editor:not(.elementor-drop-cap-view-default) .elementor-drop-cap-letter{width:1em;height:1em}.elementor-widget-text-editor .elementor-drop-cap{float:left;text-align:center;line-height:1;font-size:50px}.elementor-widget-text-editor .elementor-drop-cap-letter{display:inline-block}<\/style>\t\t\t\t<h1>Pagamentos em Xcoins\n<span>solicita\u00e7\u00e3o<\/span><\/h1>\t\t\t\t\t\t<\/div>\n\t\t\t\t<\/div>\n\t\t\t\t\t<\/div>\n\t\t<\/div>\n\t\t\t\t\t<\/div>\n\t\t<\/section>\n\t\t\t\t<section class=\"elementor-section elementor-top-section elementor-element elementor-element-ca788c1 elementor-section-boxed elementor-section-height-default elementor-section-height-default\" data-id=\"ca788c1\" data-element_type=\"section\">\n\t\t\t\t\t\t<div class=\"elementor-container elementor-column-gap-default\">\n\t\t\t\t\t<div class=\"elementor-column elementor-col-100 elementor-top-column elementor-element elementor-element-a091307\" data-id=\"a091307\" data-element_type=\"column\">\n\t\t\t<div class=\"elementor-widget-wrap elementor-element-populated\">\n\t\t\t\t\t\t<div class=\"elementor-element elementor-element-5601f47 c-w3 elementor-widget elementor-widget-text-editor\" data-id=\"5601f47\" data-element_type=\"widget\" data-widget_type=\"text-editor.default\">\n\t\t\t\t<div class=\"elementor-widget-container\">\n\t\t\t\t\t\t\t<h2>O Xcoins Crypto Payments Gateway \u00e9 uma solu\u00e7\u00e3o de pagamento em criptomoeda que permite que os comerciantes on-line e as plataformas de com\u00e9rcio eletr\u00f4nico ofere\u00e7am criptomoedas como m\u00e9todo de pagamento com convers\u00e3o imediata em moedas fiduci\u00e1rias, transa\u00e7\u00f5es sem risco e sem estorno. Basta preencher o formul\u00e1rio abaixo que entraremos em contato com voc\u00ea em at\u00e9 24 horas.<\/h2>\n\t\t\t\t\t\t<\/div>\n\t\t\t\t<\/div>\n\t\t\t\t\t<\/div>\n\t\t<\/div>\n\t\t\t\t\t<\/div>\n\t\t<\/section>\n\t\t\t\t<section class=\"elementor-section elementor-top-section elementor-element elementor-element-906047c elementor-section-boxed elementor-section-height-default elementor-section-height-default\" data-id=\"906047c\" data-element_type=\"section\">\n\t\t\t\t\t\t<div class=\"elementor-container elementor-column-gap-default\">\n\t\t\t\t\t<div class=\"elementor-column elementor-col-100 elementor-top-column elementor-element elementor-element-afb6173\" data-id=\"afb6173\" data-element_type=\"column\">\n\t\t\t<div class=\"elementor-widget-wrap elementor-element-populated\">\n\t\t\t\t\t\t<div class=\"elementor-element elementor-element-0ba8686 elementor-widget elementor-widget-shortcode\" data-id=\"0ba8686\" data-element_type=\"widget\" data-widget_type=\"shortcode.default\">\n\t\t\t\t<div class=\"elementor-widget-container\">\n\t\t\t\t\t<div class=\"elementor-shortcode\">  \n<div class=\"wpcf7 no-js\" id=\"wpcf7-f4850-o1\" lang=\"en-US\" dir=\"ltr\" data-wpcf7-id=\"4850\">\n<div class=\"screen-reader-response\"><p role=\"status\" aria-live=\"polite\" aria-atomic=\"true\"><\/p> <ul><\/ul><\/div>\n<form action=\"\/pt-br\/wp-json\/wp\/v2\/pages\/11636#wpcf7-f4850-o1\" method=\"post\" class=\"wpcf7-form init\" aria-label=\"Contact form\" novalidate=\"novalidate\" data-status=\"init\">\n<fieldset class=\"hidden-fields-container\"><input type=\"hidden\" name=\"_wpcf7\" value=\"4850\" \/><input type=\"hidden\" name=\"_wpcf7_version\" value=\"6.1.5\" \/><input type=\"hidden\" name=\"_wpcf7_locale\" value=\"en_US\" \/><input type=\"hidden\" name=\"_wpcf7_unit_tag\" value=\"wpcf7-f4850-o1\" \/><input type=\"hidden\" name=\"_wpcf7_container_post\" value=\"0\" \/><input type=\"hidden\" name=\"_wpcf7_posted_data_hash\" value=\"\" \/><input type=\"hidden\" name=\"_wpcf7_recaptcha_response\" value=\"\" \/>\n<\/fieldset>\n<p><label>Your Name<span class=\"wpcf7-form-control-wrap\" data-name=\"your-name\"><input size=\"40\" maxlength=\"400\" class=\"wpcf7-form-control wpcf7-text wpcf7-validates-as-required\" aria-required=\"true\" aria-invalid=\"false\" placeholder=\"your name here\" value=\"\" type=\"text\" name=\"your-name\" \/><\/span><\/label>\n<\/p>\n<p><label>Company Website<span class=\"wpcf7-form-control-wrap\" data-name=\"company-website\"><input size=\"40\" maxlength=\"400\" class=\"wpcf7-form-control wpcf7-url wpcf7-text wpcf7-validates-as-url\" aria-invalid=\"false\" placeholder=\"company website here\" value=\"\" type=\"url\" name=\"company-website\" \/><\/span><\/label>\n<\/p>\n<p><label>Email Address<span class=\"wpcf7-form-control-wrap\" data-name=\"email-address\"><input size=\"40\" maxlength=\"400\" class=\"wpcf7-form-control wpcf7-email wpcf7-validates-as-required wpcf7-text wpcf7-validates-as-email\" aria-required=\"true\" aria-invalid=\"false\" placeholder=\"your email here\" value=\"\" type=\"email\" name=\"email-address\" \/><\/span><\/label>\n<\/p>\n<p><label>Phone Number[phonetext* phon-number placeholder \"your phone number here\"]<\/label>\n<\/p>\n<p><label>Country[countrytext* country]<\/label>\n<\/p>\n<p><input class=\"wpcf7-form-control wpcf7-submit has-spinner\" type=\"submit\" value=\"Submit Request\" \/>\n<\/p><div class=\"wpcf7-response-output\" aria-hidden=\"true\"><\/div>\n<\/form>\n<\/div>\n<\/div>\n\t\t\t\t<\/div>\n\t\t\t\t<\/div>\n\t\t\t\t\t<\/div>\n\t\t<\/div>\n\t\t\t\t\t<\/div>\n\t\t<\/section>\n\t\t\t\t<\/div>\n\t\t","protected":false},"excerpt":{"rendered":"<p>Pagamentos em Xcoins solicita\u00e7\u00e3o O Xcoins Crypto Payments Gateway \u00e9 uma solu\u00e7\u00e3o de pagamento em criptomoeda que permite que os [&hellip;]<\/p>\n","protected":false},"author":17,"featured_media":0,"parent":0,"menu_order":0,"comment_status":"closed","ping_status":"closed","template":"elementor_header_footer","meta":{"footnotes":""},"class_list":["post-11636","page","type-page","status-publish","hentry"],"yoast_head":"<!-- This site is optimized with the Yoast SEO Premium plugin v27.1 (Yoast SEO v27.2) - https:\/\/yoast.com\/product\/yoast-seo-premium-wordpress\/ -->\n<title>Gateway de pagamentos criptogr\u00e1ficos I Programa de parceiros de pagamentos Xcoins<\/title>\n<meta name=\"description\" content=\"Converta criptomoedas em moedas fiduci\u00e1rias automaticamente em segundos e aumente as convers\u00f5es e a reten\u00e7\u00e3o de clientes para seu neg\u00f3cio on-line hoje mesmo.\" \/>\n<meta name=\"robots\" content=\"index, follow, max-snippet:-1, max-image-preview:large, max-video-preview:-1\" \/>\n<link rel=\"canonical\" href=\"https:\/\/xcoins.com\/pt-br\/solicitacao-de-pagamentos-em-xcoins\/\" \/>\n<meta property=\"og:locale\" content=\"pt_BR\" \/>\n<meta property=\"og:type\" content=\"article\" \/>\n<meta property=\"og:title\" content=\"Solicita\u00e7\u00e3o de pagamentos em Xcoins\" \/>\n<meta property=\"og:description\" content=\"Converta criptomoedas em moedas fiduci\u00e1rias automaticamente em segundos e aumente as convers\u00f5es e a reten\u00e7\u00e3o de clientes para seu neg\u00f3cio on-line hoje mesmo.\" \/>\n<meta property=\"og:url\" content=\"https:\/\/xcoins.com\/pt-br\/solicitacao-de-pagamentos-em-xcoins\/\" \/>\n<meta property=\"og:site_name\" content=\"Xcoins\u2122 Official\" \/>\n<meta property=\"article:publisher\" content=\"https:\/\/www.facebook.com\/xcoinsofficial\/\" \/>\n<meta property=\"article:modified_time\" content=\"2024-07-12T11:24:45+00:00\" \/>\n<meta property=\"og:image\" content=\"https:\/\/xcoins.com\/wp-content\/uploads\/2023\/05\/english-scaled.jpg\" \/>\n\t<meta property=\"og:image:width\" content=\"2560\" \/>\n\t<meta property=\"og:image:height\" content=\"1338\" \/>\n\t<meta property=\"og:image:type\" content=\"image\/jpeg\" \/>\n<meta name=\"twitter:card\" content=\"summary_large_image\" \/>\n<meta name=\"twitter:site\" content=\"@realxcoins\" \/>\n<script type=\"application\/ld+json\" class=\"yoast-schema-graph\">{\"@context\":\"https:\/\/schema.org\",\"@graph\":[{\"@type\":\"WebPage\",\"@id\":\"https:\/\/xcoins.com\/pt-br\/solicitacao-de-pagamentos-em-xcoins\/\",\"url\":\"https:\/\/xcoins.com\/pt-br\/solicitacao-de-pagamentos-em-xcoins\/\",\"name\":\"Gateway de pagamentos criptogr\u00e1ficos I Programa de parceiros de pagamentos Xcoins\",\"isPartOf\":{\"@id\":\"https:\/\/xcoins.com\/pt-br\/#website\"},\"datePublished\":\"2024-07-12T11:24:40+00:00\",\"dateModified\":\"2024-07-12T11:24:45+00:00\",\"description\":\"Converta criptomoedas em moedas fiduci\u00e1rias automaticamente em segundos e aumente as convers\u00f5es e a reten\u00e7\u00e3o de clientes para seu neg\u00f3cio on-line hoje mesmo.\",\"breadcrumb\":{\"@id\":\"https:\/\/xcoins.com\/pt-br\/solicitacao-de-pagamentos-em-xcoins\/#breadcrumb\"},\"inLanguage\":\"pt-BR\",\"potentialAction\":[{\"@type\":\"ReadAction\",\"target\":[\"https:\/\/xcoins.com\/pt-br\/solicitacao-de-pagamentos-em-xcoins\/\"]}]},{\"@type\":\"BreadcrumbList\",\"@id\":\"https:\/\/xcoins.com\/pt-br\/solicitacao-de-pagamentos-em-xcoins\/#breadcrumb\",\"itemListElement\":[{\"@type\":\"ListItem\",\"position\":1,\"name\":\"Home\",\"item\":\"https:\/\/xcoins.com\/pt-br\/\"},{\"@type\":\"ListItem\",\"position\":2,\"name\":\"Solicita\u00e7\u00e3o de pagamentos em Xcoins\"}]},{\"@type\":\"WebSite\",\"@id\":\"https:\/\/xcoins.com\/pt-br\/#website\",\"url\":\"https:\/\/xcoins.com\/pt-br\/\",\"name\":\"Xcoins\u2122 Official\",\"description\":\"Buy and Sell Crypto Instantly\",\"publisher\":{\"@id\":\"https:\/\/xcoins.com\/pt-br\/#organization\"},\"potentialAction\":[{\"@type\":\"SearchAction\",\"target\":{\"@type\":\"EntryPoint\",\"urlTemplate\":\"https:\/\/xcoins.com\/pt-br\/?s={search_term_string}\"},\"query-input\":{\"@type\":\"PropertyValueSpecification\",\"valueRequired\":true,\"valueName\":\"search_term_string\"}}],\"inLanguage\":\"pt-BR\"},{\"@type\":\"Organization\",\"@id\":\"https:\/\/xcoins.com\/pt-br\/#organization\",\"name\":\"xcoins.com\",\"url\":\"https:\/\/xcoins.com\/pt-br\/\",\"logo\":{\"@type\":\"ImageObject\",\"inLanguage\":\"pt-BR\",\"@id\":\"https:\/\/xcoins.com\/pt-br\/#\/schema\/logo\/image\/\",\"url\":\"https:\/\/xcoins.com\/wp-content\/uploads\/2022\/01\/xcoins-logo.png\",\"contentUrl\":\"https:\/\/xcoins.com\/wp-content\/uploads\/2022\/01\/xcoins-logo.png\",\"width\":559,\"height\":559,\"caption\":\"xcoins.com\"},\"image\":{\"@id\":\"https:\/\/xcoins.com\/pt-br\/#\/schema\/logo\/image\/\"},\"sameAs\":[\"https:\/\/www.facebook.com\/xcoinsofficial\/\",\"https:\/\/x.com\/realxcoins\",\"https:\/\/www.instagram.com\/xcoins.hq\/\",\"https:\/\/www.linkedin.com\/company\/realxcoins\/\"]}]}<\/script>\n<!-- \/ Yoast SEO Premium plugin. -->","yoast_head_json":{"title":"Gateway de pagamentos criptogr\u00e1ficos I Programa de parceiros de pagamentos Xcoins","description":"Converta criptomoedas em moedas fiduci\u00e1rias automaticamente em segundos e aumente as convers\u00f5es e a reten\u00e7\u00e3o de clientes para seu neg\u00f3cio on-line hoje mesmo.","robots":{"index":"index","follow":"follow","max-snippet":"max-snippet:-1","max-image-preview":"max-image-preview:large","max-video-preview":"max-video-preview:-1"},"canonical":"https:\/\/xcoins.com\/pt-br\/solicitacao-de-pagamentos-em-xcoins\/","og_locale":"pt_BR","og_type":"article","og_title":"Solicita\u00e7\u00e3o de pagamentos em Xcoins","og_description":"Converta criptomoedas em moedas fiduci\u00e1rias automaticamente em segundos e aumente as convers\u00f5es e a reten\u00e7\u00e3o de clientes para seu neg\u00f3cio on-line hoje mesmo.","og_url":"https:\/\/xcoins.com\/pt-br\/solicitacao-de-pagamentos-em-xcoins\/","og_site_name":"Xcoins\u2122 Official","article_publisher":"https:\/\/www.facebook.com\/xcoinsofficial\/","article_modified_time":"2024-07-12T11:24:45+00:00","og_image":[{"width":2560,"height":1338,"url":"https:\/\/xcoins.com\/wp-content\/uploads\/2023\/05\/english-scaled.jpg","type":"image\/jpeg"}],"twitter_card":"summary_large_image","twitter_site":"@realxcoins","schema":{"@context":"https:\/\/schema.org","@graph":[{"@type":"WebPage","@id":"https:\/\/xcoins.com\/pt-br\/solicitacao-de-pagamentos-em-xcoins\/","url":"https:\/\/xcoins.com\/pt-br\/solicitacao-de-pagamentos-em-xcoins\/","name":"Gateway de pagamentos criptogr\u00e1ficos I Programa de parceiros de pagamentos Xcoins","isPartOf":{"@id":"https:\/\/xcoins.com\/pt-br\/#website"},"datePublished":"2024-07-12T11:24:40+00:00","dateModified":"2024-07-12T11:24:45+00:00","description":"Converta criptomoedas em moedas fiduci\u00e1rias automaticamente em segundos e aumente as convers\u00f5es e a reten\u00e7\u00e3o de clientes para seu neg\u00f3cio on-line hoje mesmo.","breadcrumb":{"@id":"https:\/\/xcoins.com\/pt-br\/solicitacao-de-pagamentos-em-xcoins\/#breadcrumb"},"inLanguage":"pt-BR","potentialAction":[{"@type":"ReadAction","target":["https:\/\/xcoins.com\/pt-br\/solicitacao-de-pagamentos-em-xcoins\/"]}]},{"@type":"BreadcrumbList","@id":"https:\/\/xcoins.com\/pt-br\/solicitacao-de-pagamentos-em-xcoins\/#breadcrumb","itemListElement":[{"@type":"ListItem","position":1,"name":"Home","item":"https:\/\/xcoins.com\/pt-br\/"},{"@type":"ListItem","position":2,"name":"Solicita\u00e7\u00e3o de pagamentos em Xcoins"}]},{"@type":"WebSite","@id":"https:\/\/xcoins.com\/pt-br\/#website","url":"https:\/\/xcoins.com\/pt-br\/","name":"Xcoins\u2122 Official","description":"Buy and Sell Crypto Instantly","publisher":{"@id":"https:\/\/xcoins.com\/pt-br\/#organization"},"potentialAction":[{"@type":"SearchAction","target":{"@type":"EntryPoint","urlTemplate":"https:\/\/xcoins.com\/pt-br\/?s={search_term_string}"},"query-input":{"@type":"PropertyValueSpecification","valueRequired":true,"valueName":"search_term_string"}}],"inLanguage":"pt-BR"},{"@type":"Organization","@id":"https:\/\/xcoins.com\/pt-br\/#organization","name":"xcoins.com","url":"https:\/\/xcoins.com\/pt-br\/","logo":{"@type":"ImageObject","inLanguage":"pt-BR","@id":"https:\/\/xcoins.com\/pt-br\/#\/schema\/logo\/image\/","url":"https:\/\/xcoins.com\/wp-content\/uploads\/2022\/01\/xcoins-logo.png","contentUrl":"https:\/\/xcoins.com\/wp-content\/uploads\/2022\/01\/xcoins-logo.png","width":559,"height":559,"caption":"xcoins.com"},"image":{"@id":"https:\/\/xcoins.com\/pt-br\/#\/schema\/logo\/image\/"},"sameAs":["https:\/\/www.facebook.com\/xcoinsofficial\/","https:\/\/x.com\/realxcoins","https:\/\/www.instagram.com\/xcoins.hq\/","https:\/\/www.linkedin.com\/company\/realxcoins\/"]}]}},"_links":{"self":[{"href":"https:\/\/xcoins.com\/pt-br\/wp-json\/wp\/v2\/pages\/11636","targetHints":{"allow":["GET"]}}],"collection":[{"href":"https:\/\/xcoins.com\/pt-br\/wp-json\/wp\/v2\/pages"}],"about":[{"href":"https:\/\/xcoins.com\/pt-br\/wp-json\/wp\/v2\/types\/page"}],"author":[{"embeddable":true,"href":"https:\/\/xcoins.com\/pt-br\/wp-json\/wp\/v2\/users\/17"}],"replies":[{"embeddable":true,"href":"https:\/\/xcoins.com\/pt-br\/wp-json\/wp\/v2\/comments?post=11636"}],"version-history":[{"count":0,"href":"https:\/\/xcoins.com\/pt-br\/wp-json\/wp\/v2\/pages\/11636\/revisions"}],"wp:attachment":[{"href":"https:\/\/xcoins.com\/pt-br\/wp-json\/wp\/v2\/media?parent=11636"}],"curies":[{"name":"wp","href":"https:\/\/api.w.org\/{rel}","templated":true}]}}