{"id":11656,"date":"2024-07-12T11:25:00","date_gmt":"2024-07-12T11:25:00","guid":{"rendered":"https:\/\/xcoins.com\/contact\/"},"modified":"2025-09-05T13:38:15","modified_gmt":"2025-09-05T13:38:15","slug":"contact","status":"publish","type":"page","link":"https:\/\/xcoins.com\/fr\/contact\/","title":{"rendered":"Contact"},"content":{"rendered":"\t\t<div data-elementor-type=\"wp-page\" data-elementor-id=\"11656\" class=\"elementor elementor-11656 elementor-8715\" data-elementor-post-type=\"page\">\n\t\t\t\t\t\t<section class=\"elementor-section elementor-top-section elementor-element elementor-element-73281b5 elementor-section-boxed elementor-section-height-default elementor-section-height-default\" data-id=\"73281b5\" data-element_type=\"section\">\n\t\t\t\t\t\t<div class=\"elementor-container elementor-column-gap-default\">\n\t\t\t\t\t<div class=\"elementor-column elementor-col-100 elementor-top-column elementor-element elementor-element-f05cbea\" data-id=\"f05cbea\" data-element_type=\"column\">\n\t\t\t<div class=\"elementor-widget-wrap elementor-element-populated\">\n\t\t\t\t\t\t<div class=\"elementor-element elementor-element-25ab754 elementor-widget elementor-widget-text-editor\" data-id=\"25ab754\" data-element_type=\"widget\" data-widget_type=\"text-editor.default\">\n\t\t\t\t<div class=\"elementor-widget-container\">\n\t\t\t<style>\/*! elementor - v3.21.0 - 08-05-2024 *\/\n.elementor-widget-text-editor.elementor-drop-cap-view-stacked .elementor-drop-cap{background-color:#69727d;color:#fff}.elementor-widget-text-editor.elementor-drop-cap-view-framed .elementor-drop-cap{color:#69727d;border:3px solid;background-color:transparent}.elementor-widget-text-editor:not(.elementor-drop-cap-view-default) .elementor-drop-cap{margin-top:8px}.elementor-widget-text-editor:not(.elementor-drop-cap-view-default) .elementor-drop-cap-letter{width:1em;height:1em}.elementor-widget-text-editor .elementor-drop-cap{float:left;text-align:center;line-height:1;font-size:50px}.elementor-widget-text-editor .elementor-drop-cap-letter{display:inline-block}<\/style>\t\t\t\t<h1>Vous avez besoin d&rsquo;<span class=\"fake\">aide ?<\/span><\/h1>\n\t\t\t\t\t\t<\/div>\n\t\t\t\t<\/div>\n\t\t\t\t\t<\/div>\n\t\t<\/div>\n\t\t\t\t\t<\/div>\n\t\t<\/section>\n\t\t\t\t<section class=\"elementor-section elementor-top-section elementor-element elementor-element-8d0d94a elementor-section-boxed elementor-section-height-default elementor-section-height-default\" data-id=\"8d0d94a\" data-element_type=\"section\">\n\t\t\t\t\t\t<div class=\"elementor-container elementor-column-gap-default\">\n\t\t\t\t\t<div class=\"elementor-column elementor-col-100 elementor-top-column elementor-element elementor-element-7bd6895\" data-id=\"7bd6895\" data-element_type=\"column\">\n\t\t\t<div class=\"elementor-widget-wrap elementor-element-populated\">\n\t\t\t\t\t\t<div class=\"elementor-element elementor-element-d39d4e4 elementor-widget elementor-widget-html\" data-id=\"d39d4e4\" data-element_type=\"widget\" data-widget_type=\"html.default\">\n\t\t\t\t<div class=\"elementor-widget-container\">\n\t\t\t<div class=\"click_text c-w2\">Cliquez ici<\/div>\n<div class=\"img-container\">\n<div class=\"wrapper\">\n  <img decoding=\"async\" src=\"https:\/\/xcoins.com\/wp-content\/uploads\/2025\/09\/desk-white-min.png\" alt=\"desk\" \/>\n  <svg class=\"arrow\" xmlns=\"http:\/\/www.w3.org\/2000\/svg\">\n    <defs>\n         <marker id=\"arrowhead\" viewBox=\"0 0 10 10\" refX=\"8\" refY=\"5\"\n            markerWidth=\"18\" markerHeight=\"10\"\n            orient=\"auto\" markerUnits=\"strokeWidth\">\n      <path d=\"M 0 0 L 10 4 L 0 10 z\" fill=\"blue\" \/>\n    <\/marker>\n    <\/defs>\n    <line x1=\"50%\" y1=\"0\" x2=\"100%\" y2=\"100%\" \n          stroke=\"blue\" stroke-width=\"4\" marker-end=\"url(#arrowhead)\" \/>\n  <\/svg>\n<\/div>    \n<\/div>\n\n\t\t<\/div>\n\t\t\t\t<\/div>\n\t\t\t\t\t<\/div>\n\t\t<\/div>\n\t\t\t\t\t<\/div>\n\t\t<\/section>\n\t\t\t\t<section class=\"elementor-section elementor-top-section elementor-element elementor-element-ef2de2e elementor-section-boxed elementor-section-height-default elementor-section-height-default\" data-id=\"ef2de2e\" data-element_type=\"section\">\n\t\t\t\t\t\t<div class=\"elementor-container elementor-column-gap-default\">\n\t\t\t\t\t<div class=\"elementor-column elementor-col-100 elementor-top-column elementor-element elementor-element-b7587a3\" data-id=\"b7587a3\" data-element_type=\"column\">\n\t\t\t<div class=\"elementor-widget-wrap elementor-element-populated\">\n\t\t\t\t\t\t<div class=\"elementor-element elementor-element-c649e97 c-w2 elementor-widget elementor-widget-heading\" data-id=\"c649e97\" data-element_type=\"widget\" data-widget_type=\"heading.default\">\n\t\t\t\t<div class=\"elementor-widget-container\">\n\t\t\t<style>\/*! elementor - v3.21.0 - 08-05-2024 *\/\n.elementor-heading-title{padding:0;margin:0;line-height:1}.elementor-widget-heading .elementor-heading-title[class*=elementor-size-]>a{color:inherit;font-size:inherit;line-height:inherit}.elementor-widget-heading .elementor-heading-title.elementor-size-small{font-size:15px}.elementor-widget-heading .elementor-heading-title.elementor-size-medium{font-size:19px}.elementor-widget-heading .elementor-heading-title.elementor-size-large{font-size:29px}.elementor-widget-heading .elementor-heading-title.elementor-size-xl{font-size:39px}.elementor-widget-heading .elementor-heading-title.elementor-size-xxl{font-size:59px}<\/style><h2 class=\"elementor-heading-title elementor-size-default\">Vous avez encore besoin d'aide ?  <\/h2>\t\t<\/div>\n\t\t\t\t<\/div>\n\t\t\t\t\t<\/div>\n\t\t<\/div>\n\t\t\t\t\t<\/div>\n\t\t<\/section>\n\t\t\t\t<section class=\"elementor-section elementor-top-section elementor-element elementor-element-c1f9980 elementor-section-boxed elementor-section-height-default elementor-section-height-default\" data-id=\"c1f9980\" data-element_type=\"section\">\n\t\t\t\t\t\t<div class=\"elementor-container elementor-column-gap-default\">\n\t\t\t\t\t<div class=\"elementor-column elementor-col-100 elementor-top-column elementor-element elementor-element-6c3cddc\" data-id=\"6c3cddc\" data-element_type=\"column\">\n\t\t\t<div class=\"elementor-widget-wrap elementor-element-populated\">\n\t\t\t\t\t\t<section class=\"elementor-section elementor-inner-section elementor-element elementor-element-d0d3055 elementor-section-content-top elementor-section-boxed elementor-section-height-default elementor-section-height-default\" data-id=\"d0d3055\" data-element_type=\"section\">\n\t\t\t\t\t\t<div class=\"elementor-container elementor-column-gap-default\">\n\t\t\t\t\t<div class=\"elementor-column elementor-col-33 elementor-inner-column elementor-element elementor-element-97cbe65\" data-id=\"97cbe65\" data-element_type=\"column\">\n\t\t\t<div class=\"elementor-widget-wrap elementor-element-populated\">\n\t\t\t\t\t\t<div class=\"elementor-element elementor-element-f292dc0 c-w2 elementor-widget elementor-widget-text-editor\" data-id=\"f292dc0\" data-element_type=\"widget\" data-widget_type=\"text-editor.default\">\n\t\t\t\t<div class=\"elementor-widget-container\">\n\t\t\t\t\t\t\t<div class=\"flex\">\n\n<img decoding=\"async\" class=\"alignnone size-full wp-image-9170\" src=\"https:\/\/xcoins.com\/wp-content\/uploads\/2023\/04\/mail.svg\" alt=\"courrier\" width=\"25\" height=\"24\">\n<div>Courriel<\/div>\n<\/div>\t\t\t\t\t\t<\/div>\n\t\t\t\t<\/div>\n\t\t\t\t<div class=\"elementor-element elementor-element-a3ced92 elementor-widget elementor-widget-text-editor\" data-id=\"a3ced92\" data-element_type=\"widget\" data-widget_type=\"text-editor.default\">\n\t\t\t\t<div class=\"elementor-widget-container\">\n\t\t\t\t\t\t\t<a href=\"mailto:%20help@xcoins.com\">  help@xcoins.com<\/a>\n\n\t\t\t\t\t\t<\/div>\n\t\t\t\t<\/div>\n\t\t\t\t\t<\/div>\n\t\t<\/div>\n\t\t\t\t<div class=\"elementor-column elementor-col-33 elementor-inner-column elementor-element elementor-element-6a62c0e\" data-id=\"6a62c0e\" data-element_type=\"column\" data-settings=\"{&quot;background_background&quot;:&quot;classic&quot;}\">\n\t\t\t<div class=\"elementor-widget-wrap elementor-element-populated\">\n\t\t\t\t\t\t<div class=\"elementor-element elementor-element-2fd5aa6 c-w2 elementor-widget elementor-widget-text-editor\" data-id=\"2fd5aa6\" data-element_type=\"widget\" data-widget_type=\"text-editor.default\">\n\t\t\t\t<div class=\"elementor-widget-container\">\n\t\t\t\t\t\t\t<div class=\"flex\">\n\n<img decoding=\"async\" class=\"alignnone size-full wp-image-9172\" src=\"https:\/\/xcoins.com\/wp-content\/uploads\/2023\/04\/phone-call.svg\" alt=\"t\u00e9l\u00e9phone\" width=\"25\" height=\"24\" \/>\n<div>T\u00e9l\u00e9phone<\/div>\n<\/div>\t\t\t\t\t\t<\/div>\n\t\t\t\t<\/div>\n\t\t\t\t<div class=\"elementor-element elementor-element-539420c elementor-widget elementor-widget-heading\" data-id=\"539420c\" data-element_type=\"widget\" data-widget_type=\"heading.default\">\n\t\t\t\t<div class=\"elementor-widget-container\">\n\t\t\t<span class=\"elementor-heading-title elementor-size-default\">+1 (305) 946 1796<\/span>\t\t<\/div>\n\t\t\t\t<\/div>\n\t\t\t\t\t<\/div>\n\t\t<\/div>\n\t\t\t\t<div class=\"elementor-column elementor-col-33 elementor-inner-column elementor-element elementor-element-590a98a\" data-id=\"590a98a\" data-element_type=\"column\">\n\t\t\t<div class=\"elementor-widget-wrap elementor-element-populated\">\n\t\t\t\t\t\t<div class=\"elementor-element elementor-element-a62cc6e c-w2 elementor-widget elementor-widget-text-editor\" data-id=\"a62cc6e\" data-element_type=\"widget\" data-widget_type=\"text-editor.default\">\n\t\t\t\t<div class=\"elementor-widget-container\">\n\t\t\t\t\t\t\t<div class=\"flex\">\n\n<img decoding=\"async\" class=\"alignnone size-full wp-image-9168\" src=\"https:\/\/xcoins.com\/wp-content\/uploads\/2025\/06\/icons8-chat-64.png\" alt=\"chat\" width=\"25\" height=\"24\" \/>\n<div>Chat<\/div>\n<\/div>\t\t\t\t\t\t<\/div>\n\t\t\t\t<\/div>\n\t\t\t\t<div class=\"elementor-element elementor-element-b21c72a elementor-widget elementor-widget-heading\" data-id=\"b21c72a\" data-element_type=\"widget\" id=\"chat-click\" data-widget_type=\"heading.default\">\n\t\t\t\t<div class=\"elementor-widget-container\">\n\t\t\t<span class=\"elementor-heading-title elementor-size-default\">Assistance en direct 24h\/24 et 7j\/7<\/span>\t\t<\/div>\n\t\t\t\t<\/div>\n\t\t\t\t\t<\/div>\n\t\t<\/div>\n\t\t\t\t\t<\/div>\n\t\t<\/section>\n\t\t\t\t\t<\/div>\n\t\t<\/div>\n\t\t\t\t\t<\/div>\n\t\t<\/section>\n\t\t\t\t<section class=\"elementor-section elementor-top-section elementor-element elementor-element-9cc13d4 elementor-section-boxed elementor-section-height-default elementor-section-height-default\" data-id=\"9cc13d4\" data-element_type=\"section\">\n\t\t\t\t\t\t<div class=\"elementor-container elementor-column-gap-default\">\n\t\t\t\t\t<div class=\"elementor-column elementor-col-100 elementor-top-column elementor-element elementor-element-26c6607\" data-id=\"26c6607\" data-element_type=\"column\">\n\t\t\t<div class=\"elementor-widget-wrap elementor-element-populated\">\n\t\t\t\t\t\t<div class=\"elementor-element elementor-element-20749ac elementor-widget elementor-widget-html\" data-id=\"20749ac\" data-element_type=\"widget\" data-widget_type=\"html.default\">\n\t\t\t\t<div class=\"elementor-widget-container\">\n\t\t\t<script>\n  document.addEventListener(\"DOMContentLoaded\", function () {\n    const chatButton = document.getElementById(\"chat-click\");\n\n    if (chatButton) {\n      chatButton.addEventListener(\"click\", function () {\n        if (window.zE) {\n          zE('webWidget', 'open');\n        } else {\n          console.warn(\"Zendesk widget is not loaded.\");\n        }\n      });\n    }\n  });\n<\/script>\t\t<\/div>\n\t\t\t\t<\/div>\n\t\t\t\t<div class=\"elementor-element elementor-element-8206a81 c-w2 elementor-widget elementor-widget-text-editor\" data-id=\"8206a81\" data-element_type=\"widget\" data-widget_type=\"text-editor.default\">\n\t\t\t\t<div class=\"elementor-widget-container\">\n\t\t\t\t\t\t\t<div class=\"flex\">\n<div class=\"line\"><\/div>\n<div>ou<\/div>\n<div class=\"line\"><\/div>\n<\/div>\t\t\t\t\t\t<\/div>\n\t\t\t\t<\/div>\n\t\t\t\t\t<\/div>\n\t\t<\/div>\n\t\t\t\t\t<\/div>\n\t\t<\/section>\n\t\t\t\t<section class=\"elementor-section elementor-top-section elementor-element elementor-element-bf16e07 elementor-section-boxed elementor-section-height-default elementor-section-height-default\" data-id=\"bf16e07\" data-element_type=\"section\">\n\t\t\t\t\t\t<div class=\"elementor-container elementor-column-gap-default\">\n\t\t\t\t\t<div class=\"elementor-column elementor-col-100 elementor-top-column elementor-element elementor-element-6bc9001\" data-id=\"6bc9001\" data-element_type=\"column\">\n\t\t\t<div class=\"elementor-widget-wrap elementor-element-populated\">\n\t\t\t\t\t\t<div class=\"elementor-element elementor-element-57ce014 c-w2 elementor-widget elementor-widget-text-editor\" data-id=\"57ce014\" data-element_type=\"widget\" data-widget_type=\"text-editor.default\">\n\t\t\t\t<div class=\"elementor-widget-container\">\n\t\t\t\t\t\t\t<p>Consultez notre FAQ pour obtenir des r\u00e9ponses \u00e0 toutes vos questions, jetez-y un coup d&rsquo;\u0153il.  <\/p>\n\t\t\t\t\t\t<\/div>\n\t\t\t\t<\/div>\n\t\t\t\t\t<\/div>\n\t\t<\/div>\n\t\t\t\t\t<\/div>\n\t\t<\/section>\n\t\t\t\t<section class=\"elementor-section elementor-top-section elementor-element elementor-element-70c1130 elementor-section-boxed elementor-section-height-default elementor-section-height-default\" data-id=\"70c1130\" data-element_type=\"section\">\n\t\t\t\t\t\t<div class=\"elementor-container elementor-column-gap-default\">\n\t\t\t\t\t<div class=\"elementor-column elementor-col-100 elementor-top-column elementor-element elementor-element-dc55f44\" data-id=\"dc55f44\" data-element_type=\"column\">\n\t\t\t<div class=\"elementor-widget-wrap elementor-element-populated\">\n\t\t\t\t\t\t<div class=\"elementor-element elementor-element-03d9fb5 elementor-align-justify dark-button elementor-widget elementor-widget-button\" data-id=\"03d9fb5\" data-element_type=\"widget\" data-widget_type=\"button.default\">\n\t\t\t\t<div class=\"elementor-widget-container\">\n\t\t\t\t\t<div class=\"elementor-button-wrapper\">\n\t\t\t<a class=\"elementor-button elementor-button-link elementor-size-lg\" href=\"https:\/\/xcoins.com\/en\/frequently-asked-questions\/\">\n\t\t\t\t\t\t<span class=\"elementor-button-content-wrapper\">\n\t\t\t\t\t\t\t\t\t<span class=\"elementor-button-text\">Visitez notre FAQ<\/span>\n\t\t\t\t\t<\/span>\n\t\t\t\t\t<\/a>\n\t\t<\/div>\n\t\t\t\t<\/div>\n\t\t\t\t<\/div>\n\t\t\t\t\t<\/div>\n\t\t<\/div>\n\t\t\t\t\t<\/div>\n\t\t<\/section>\n\t\t\t\t<\/div>\n\t\t","protected":false},"excerpt":{"rendered":"<p>Vous avez besoin d&rsquo;aide ? Cliquez ici Vous avez encore besoin d&rsquo;aide ? Courriel help@xcoins.com T\u00e9l\u00e9phone +1 (305) 946 1796 [&hellip;]<\/p>\n","protected":false},"author":17,"featured_media":0,"parent":0,"menu_order":0,"comment_status":"closed","ping_status":"closed","template":"elementor_header_footer","meta":{"footnotes":""},"class_list":["post-11656","page","type-page","status-publish","hentry"],"yoast_head":"<!-- This site is optimized with the Yoast SEO Premium plugin v27.1 (Yoast SEO v27.4) - https:\/\/yoast.com\/product\/yoast-seo-premium-wordpress\/ -->\n<title>Xcoins Support I Contactez-nous<\/title>\n<meta name=\"description\" content=\"Xcoins fournit une assistance en direct 24 heures sur 24 et 7 jours sur 7 par chat, e-mail et t\u00e9l\u00e9phone. Contactez nos agents d\u00e8s aujourd&#039;hui pour d\u00e9couvrir comment nous pouvons vous aider.\" \/>\n<meta name=\"robots\" content=\"index, follow, max-snippet:-1, max-image-preview:large, max-video-preview:-1\" \/>\n<link rel=\"canonical\" href=\"https:\/\/xcoins.com\/fr\/contact\/\" \/>\n<meta property=\"og:locale\" content=\"fr_FR\" \/>\n<meta property=\"og:type\" content=\"article\" \/>\n<meta property=\"og:title\" content=\"Contact\" \/>\n<meta property=\"og:description\" content=\"Xcoins fournit une assistance en direct 24 heures sur 24 et 7 jours sur 7 par chat, e-mail et t\u00e9l\u00e9phone. Contactez nos agents d\u00e8s aujourd&#039;hui pour d\u00e9couvrir comment nous pouvons vous aider.\" \/>\n<meta property=\"og:url\" content=\"https:\/\/xcoins.com\/fr\/contact\/\" \/>\n<meta property=\"og:site_name\" content=\"Xcoins\u2122 Official\" \/>\n<meta property=\"article:publisher\" content=\"https:\/\/www.facebook.com\/xcoinsofficial\/\" \/>\n<meta property=\"article:modified_time\" content=\"2025-09-05T13:38:15+00:00\" \/>\n<meta property=\"og:image\" content=\"http:\/\/xcoins.com\/wp-content\/uploads\/2023\/05\/english-1024x535.jpg\" \/>\n<meta name=\"twitter:card\" content=\"summary_large_image\" \/>\n<meta name=\"twitter:site\" content=\"@realxcoins\" \/>\n<meta name=\"twitter:label1\" content=\"Dur\u00e9e de lecture estim\u00e9e\" \/>\n\t<meta name=\"twitter:data1\" content=\"2 minutes\" \/>\n<script type=\"application\/ld+json\" class=\"yoast-schema-graph\">{\"@context\":\"https:\\\/\\\/schema.org\",\"@graph\":[{\"@type\":\"WebPage\",\"@id\":\"https:\\\/\\\/xcoins.com\\\/fr\\\/contact\\\/\",\"url\":\"https:\\\/\\\/xcoins.com\\\/fr\\\/contact\\\/\",\"name\":\"Xcoins Support I Contactez-nous\",\"isPartOf\":{\"@id\":\"https:\\\/\\\/xcoins.com\\\/fr\\\/#website\"},\"primaryImageOfPage\":{\"@id\":\"https:\\\/\\\/xcoins.com\\\/fr\\\/contact\\\/#primaryimage\"},\"image\":{\"@id\":\"https:\\\/\\\/xcoins.com\\\/fr\\\/contact\\\/#primaryimage\"},\"thumbnailUrl\":\"https:\\\/\\\/xcoins.com\\\/wp-content\\\/uploads\\\/2025\\\/09\\\/desk-white-min.png\",\"datePublished\":\"2024-07-12T11:25:00+00:00\",\"dateModified\":\"2025-09-05T13:38:15+00:00\",\"description\":\"Xcoins fournit une assistance en direct 24 heures sur 24 et 7 jours sur 7 par chat, e-mail et t\u00e9l\u00e9phone. Contactez nos agents d\u00e8s aujourd'hui pour d\u00e9couvrir comment nous pouvons vous aider.\",\"breadcrumb\":{\"@id\":\"https:\\\/\\\/xcoins.com\\\/fr\\\/contact\\\/#breadcrumb\"},\"inLanguage\":\"fr-FR\",\"potentialAction\":[{\"@type\":\"ReadAction\",\"target\":[\"https:\\\/\\\/xcoins.com\\\/fr\\\/contact\\\/\"]}]},{\"@type\":\"ImageObject\",\"inLanguage\":\"fr-FR\",\"@id\":\"https:\\\/\\\/xcoins.com\\\/fr\\\/contact\\\/#primaryimage\",\"url\":\"https:\\\/\\\/xcoins.com\\\/wp-content\\\/uploads\\\/2025\\\/09\\\/desk-white-min.png\",\"contentUrl\":\"https:\\\/\\\/xcoins.com\\\/wp-content\\\/uploads\\\/2025\\\/09\\\/desk-white-min.png\"},{\"@type\":\"BreadcrumbList\",\"@id\":\"https:\\\/\\\/xcoins.com\\\/fr\\\/contact\\\/#breadcrumb\",\"itemListElement\":[{\"@type\":\"ListItem\",\"position\":1,\"name\":\"Home\",\"item\":\"https:\\\/\\\/xcoins.com\\\/fr\\\/\"},{\"@type\":\"ListItem\",\"position\":2,\"name\":\"Contact\"}]},{\"@type\":\"WebSite\",\"@id\":\"https:\\\/\\\/xcoins.com\\\/fr\\\/#website\",\"url\":\"https:\\\/\\\/xcoins.com\\\/fr\\\/\",\"name\":\"Xcoins\u2122 Official\",\"description\":\"Buy and Sell Crypto Instantly\",\"publisher\":{\"@id\":\"https:\\\/\\\/xcoins.com\\\/fr\\\/#organization\"},\"potentialAction\":[{\"@type\":\"SearchAction\",\"target\":{\"@type\":\"EntryPoint\",\"urlTemplate\":\"https:\\\/\\\/xcoins.com\\\/fr\\\/?s={search_term_string}\"},\"query-input\":{\"@type\":\"PropertyValueSpecification\",\"valueRequired\":true,\"valueName\":\"search_term_string\"}}],\"inLanguage\":\"fr-FR\"},{\"@type\":\"Organization\",\"@id\":\"https:\\\/\\\/xcoins.com\\\/fr\\\/#organization\",\"name\":\"xcoins.com\",\"url\":\"https:\\\/\\\/xcoins.com\\\/fr\\\/\",\"logo\":{\"@type\":\"ImageObject\",\"inLanguage\":\"fr-FR\",\"@id\":\"https:\\\/\\\/xcoins.com\\\/fr\\\/#\\\/schema\\\/logo\\\/image\\\/\",\"url\":\"https:\\\/\\\/xcoins.com\\\/wp-content\\\/uploads\\\/2022\\\/01\\\/xcoins-logo.png\",\"contentUrl\":\"https:\\\/\\\/xcoins.com\\\/wp-content\\\/uploads\\\/2022\\\/01\\\/xcoins-logo.png\",\"width\":559,\"height\":559,\"caption\":\"xcoins.com\"},\"image\":{\"@id\":\"https:\\\/\\\/xcoins.com\\\/fr\\\/#\\\/schema\\\/logo\\\/image\\\/\"},\"sameAs\":[\"https:\\\/\\\/www.facebook.com\\\/xcoinsofficial\\\/\",\"https:\\\/\\\/x.com\\\/realxcoins\",\"https:\\\/\\\/www.instagram.com\\\/xcoins.hq\\\/\",\"https:\\\/\\\/www.linkedin.com\\\/company\\\/realxcoins\\\/\"]}]}<\/script>\n<!-- \/ Yoast SEO Premium plugin. -->","yoast_head_json":{"title":"Xcoins Support I Contactez-nous","description":"Xcoins fournit une assistance en direct 24 heures sur 24 et 7 jours sur 7 par chat, e-mail et t\u00e9l\u00e9phone. Contactez nos agents d\u00e8s aujourd'hui pour d\u00e9couvrir comment nous pouvons vous aider.","robots":{"index":"index","follow":"follow","max-snippet":"max-snippet:-1","max-image-preview":"max-image-preview:large","max-video-preview":"max-video-preview:-1"},"canonical":"https:\/\/xcoins.com\/fr\/contact\/","og_locale":"fr_FR","og_type":"article","og_title":"Contact","og_description":"Xcoins fournit une assistance en direct 24 heures sur 24 et 7 jours sur 7 par chat, e-mail et t\u00e9l\u00e9phone. Contactez nos agents d\u00e8s aujourd'hui pour d\u00e9couvrir comment nous pouvons vous aider.","og_url":"https:\/\/xcoins.com\/fr\/contact\/","og_site_name":"Xcoins\u2122 Official","article_publisher":"https:\/\/www.facebook.com\/xcoinsofficial\/","article_modified_time":"2025-09-05T13:38:15+00:00","og_image":[{"url":"http:\/\/xcoins.com\/wp-content\/uploads\/2023\/05\/english-1024x535.jpg","type":"","width":"","height":""}],"twitter_card":"summary_large_image","twitter_site":"@realxcoins","twitter_misc":{"Dur\u00e9e de lecture estim\u00e9e":"2 minutes"},"schema":{"@context":"https:\/\/schema.org","@graph":[{"@type":"WebPage","@id":"https:\/\/xcoins.com\/fr\/contact\/","url":"https:\/\/xcoins.com\/fr\/contact\/","name":"Xcoins Support I Contactez-nous","isPartOf":{"@id":"https:\/\/xcoins.com\/fr\/#website"},"primaryImageOfPage":{"@id":"https:\/\/xcoins.com\/fr\/contact\/#primaryimage"},"image":{"@id":"https:\/\/xcoins.com\/fr\/contact\/#primaryimage"},"thumbnailUrl":"https:\/\/xcoins.com\/wp-content\/uploads\/2025\/09\/desk-white-min.png","datePublished":"2024-07-12T11:25:00+00:00","dateModified":"2025-09-05T13:38:15+00:00","description":"Xcoins fournit une assistance en direct 24 heures sur 24 et 7 jours sur 7 par chat, e-mail et t\u00e9l\u00e9phone. Contactez nos agents d\u00e8s aujourd'hui pour d\u00e9couvrir comment nous pouvons vous aider.","breadcrumb":{"@id":"https:\/\/xcoins.com\/fr\/contact\/#breadcrumb"},"inLanguage":"fr-FR","potentialAction":[{"@type":"ReadAction","target":["https:\/\/xcoins.com\/fr\/contact\/"]}]},{"@type":"ImageObject","inLanguage":"fr-FR","@id":"https:\/\/xcoins.com\/fr\/contact\/#primaryimage","url":"https:\/\/xcoins.com\/wp-content\/uploads\/2025\/09\/desk-white-min.png","contentUrl":"https:\/\/xcoins.com\/wp-content\/uploads\/2025\/09\/desk-white-min.png"},{"@type":"BreadcrumbList","@id":"https:\/\/xcoins.com\/fr\/contact\/#breadcrumb","itemListElement":[{"@type":"ListItem","position":1,"name":"Home","item":"https:\/\/xcoins.com\/fr\/"},{"@type":"ListItem","position":2,"name":"Contact"}]},{"@type":"WebSite","@id":"https:\/\/xcoins.com\/fr\/#website","url":"https:\/\/xcoins.com\/fr\/","name":"Xcoins\u2122 Official","description":"Buy and Sell Crypto Instantly","publisher":{"@id":"https:\/\/xcoins.com\/fr\/#organization"},"potentialAction":[{"@type":"SearchAction","target":{"@type":"EntryPoint","urlTemplate":"https:\/\/xcoins.com\/fr\/?s={search_term_string}"},"query-input":{"@type":"PropertyValueSpecification","valueRequired":true,"valueName":"search_term_string"}}],"inLanguage":"fr-FR"},{"@type":"Organization","@id":"https:\/\/xcoins.com\/fr\/#organization","name":"xcoins.com","url":"https:\/\/xcoins.com\/fr\/","logo":{"@type":"ImageObject","inLanguage":"fr-FR","@id":"https:\/\/xcoins.com\/fr\/#\/schema\/logo\/image\/","url":"https:\/\/xcoins.com\/wp-content\/uploads\/2022\/01\/xcoins-logo.png","contentUrl":"https:\/\/xcoins.com\/wp-content\/uploads\/2022\/01\/xcoins-logo.png","width":559,"height":559,"caption":"xcoins.com"},"image":{"@id":"https:\/\/xcoins.com\/fr\/#\/schema\/logo\/image\/"},"sameAs":["https:\/\/www.facebook.com\/xcoinsofficial\/","https:\/\/x.com\/realxcoins","https:\/\/www.instagram.com\/xcoins.hq\/","https:\/\/www.linkedin.com\/company\/realxcoins\/"]}]}},"_links":{"self":[{"href":"https:\/\/xcoins.com\/fr\/wp-json\/wp\/v2\/pages\/11656","targetHints":{"allow":["GET"]}}],"collection":[{"href":"https:\/\/xcoins.com\/fr\/wp-json\/wp\/v2\/pages"}],"about":[{"href":"https:\/\/xcoins.com\/fr\/wp-json\/wp\/v2\/types\/page"}],"author":[{"embeddable":true,"href":"https:\/\/xcoins.com\/fr\/wp-json\/wp\/v2\/users\/17"}],"replies":[{"embeddable":true,"href":"https:\/\/xcoins.com\/fr\/wp-json\/wp\/v2\/comments?post=11656"}],"version-history":[{"count":0,"href":"https:\/\/xcoins.com\/fr\/wp-json\/wp\/v2\/pages\/11656\/revisions"}],"wp:attachment":[{"href":"https:\/\/xcoins.com\/fr\/wp-json\/wp\/v2\/media?parent=11656"}],"curies":[{"name":"wp","href":"https:\/\/api.w.org\/{rel}","templated":true}]}}