{"id":8765,"date":"2023-02-21T13:40:23","date_gmt":"2023-02-21T13:40:23","guid":{"rendered":"https:\/\/xcoins.com\/?page_id=8765"},"modified":"2024-04-23T13:23:48","modified_gmt":"2024-04-23T13:23:48","slug":"politica-de-quejas","status":"publish","type":"page","link":"https:\/\/xcoins.com\/es\/politica-de-quejas\/","title":{"rendered":"Procedimiento de Gesti\u00f3n de Reclamaciones"},"content":{"rendered":"\t\t<div data-elementor-type=\"wp-page\" data-elementor-id=\"8765\" class=\"elementor elementor-8765 elementor-8764\" data-elementor-post-type=\"page\">\n\t\t\t\t\t\t<section class=\"elementor-section elementor-top-section elementor-element elementor-element-0e36e72 elementor-section-boxed elementor-section-height-default elementor-section-height-default\" data-id=\"0e36e72\" data-element_type=\"section\">\n\t\t\t\t\t\t<div class=\"elementor-container elementor-column-gap-default\">\n\t\t\t\t\t<div class=\"elementor-column elementor-col-100 elementor-top-column elementor-element elementor-element-ab35b22\" data-id=\"ab35b22\" data-element_type=\"column\">\n\t\t\t<div class=\"elementor-widget-wrap elementor-element-populated\">\n\t\t\t\t\t\t<div class=\"elementor-element elementor-element-371f812 elementor-widget elementor-widget-text-editor\" data-id=\"371f812\" data-element_type=\"widget\" data-widget_type=\"text-editor.default\">\n\t\t\t\t<div class=\"elementor-widget-container\">\n\t\t\t<style>\/*! elementor - v3.21.0 - 08-05-2024 *\/\n.elementor-widget-text-editor.elementor-drop-cap-view-stacked .elementor-drop-cap{background-color:#69727d;color:#fff}.elementor-widget-text-editor.elementor-drop-cap-view-framed .elementor-drop-cap{color:#69727d;border:3px solid;background-color:transparent}.elementor-widget-text-editor:not(.elementor-drop-cap-view-default) .elementor-drop-cap{margin-top:8px}.elementor-widget-text-editor:not(.elementor-drop-cap-view-default) .elementor-drop-cap-letter{width:1em;height:1em}.elementor-widget-text-editor .elementor-drop-cap{float:left;text-align:center;line-height:1;font-size:50px}.elementor-widget-text-editor .elementor-drop-cap-letter{display:inline-block}<\/style>\t\t\t\t<h1>Procedimiento de Gesti\u00f3n de Reclamaciones\n <span class=\"fake\">Reclamaciones<\/span><\/h1>\t\t\t\t\t\t<\/div>\n\t\t\t\t<\/div>\n\t\t\t\t\t<\/div>\n\t\t<\/div>\n\t\t\t\t\t<\/div>\n\t\t<\/section>\n\t\t\t\t<section class=\"elementor-section elementor-top-section elementor-element elementor-element-8319891 elementor-section-boxed elementor-section-height-default elementor-section-height-default\" data-id=\"8319891\" data-element_type=\"section\">\n\t\t\t\t\t\t<div class=\"elementor-container elementor-column-gap-default\">\n\t\t\t\t\t<div class=\"elementor-column elementor-col-100 elementor-top-column elementor-element elementor-element-aa5f386\" data-id=\"aa5f386\" data-element_type=\"column\">\n\t\t\t<div class=\"elementor-widget-wrap elementor-element-populated\">\n\t\t\t\t\t\t<div class=\"elementor-element elementor-element-10fefe7 elementor-widget elementor-widget-text-editor\" data-id=\"10fefe7\" data-element_type=\"widget\" data-widget_type=\"text-editor.default\">\n\t\t\t\t<div class=\"elementor-widget-container\">\n\t\t\t\t\t\t\t<div class=\"jss38\"><p>Xcoins (bajo CF Technologies Limited) se compromete a brindar servicios de alta calidad y agradece los comentarios de los clientes sobre sus productos, servicios, desempe\u00f1o y personal como un medio para monitorear y mejorar la prestaci\u00f3n de servicios a los clientes, as\u00ed como para mejorar la organizaci\u00f3n eficacia y eficiencia.<\/p><p>Xcoins (bajo CF Technologies Limited) tambi\u00e9n se compromete a garantizar que todas las reclamaciones de los clientes se manejen de manera receptiva, eficiente, efectiva y justa. Todas las reclamaciones ser\u00e1n tratadas con respeto y recibir\u00e1n un nivel profesional de servicio en todo el proceso de gesti\u00f3n de reclamaciones.<\/p><\/div><div class=\"jss43\"><div class=\"jss44\"><p class=\"jss45\">Las reclamaciones se pueden informar a trav\u00e9s de los siguientes m\u00e9todos:<\/p><p class=\"jss46\">1).Llam\u00e1ndonos a nuestro n\u00famero internacional <span class=\"blue\">+1 (305) 946 1796<\/span> o gratis en los EE. UU. Al <span class=\"blue\">888-712-6467<\/span>.<\/p><p class=\"jss46\">2).Envi\u00e1ndonos un correo electr\u00f3nico a\u00a0<a href=\"mailtp:help@xcoins.com\">help@xcoins.com<\/a><\/p><p class=\"jss46\">3).Escribi\u00e9ndonos a la direcci\u00f3n comercial de la empresa en:<\/p><p class=\"jss46\">CF Technologies Limited, Progetta House Level 0, 62 \u2013 64 Triq it-Torri, Swatar, Birkirkara BKR 4011<\/p><\/div><div class=\"jss44\"><p class=\"jss46\">Al recibir una queja, enviaremos un acuse de recibo por escrito al cliente en un plazo de dos d\u00edas h\u00e1biles a partir de la fecha de recepci\u00f3n de la queja.<\/p><p class=\"jss46\">Enviaremos una respuesta al cliente a m\u00e1s tardar quince d\u00edas h\u00e1biles desde que se haya registrado la queja<\/p><p class=\"jss46\">Si la queja no se puede resolver dentro de quince d\u00edas h\u00e1biles debido a que la investigaci\u00f3n no se habr\u00eda completado, informamos al cliente con una respuesta inicial para informar al cliente sobre el estado de la queja. Se proporcionar\u00e1 una decisi\u00f3n final al cliente por escrito.<\/p><p class=\"jss46\">En el caso de que el cliente no est\u00e9 satisfecho, el asunto puede remitirse a la Oficina del \u00c1rbitro de Servicios Financieros en el <span dir=\"ltr\" role=\"presentation\">R<\/span><span dir=\"ltr\" role=\"presentation\">egional Road, M<\/span><span dir=\"ltr\" role=\"presentation\">sida, MSD 1920, Malta<\/span>.<\/p><\/div><\/div>\t\t\t\t\t\t<\/div>\n\t\t\t\t<\/div>\n\t\t\t\t\t<\/div>\n\t\t<\/div>\n\t\t\t\t\t<\/div>\n\t\t<\/section>\n\t\t\t\t<\/div>\n\t\t","protected":false},"excerpt":{"rendered":"<p>Procedimiento de Gesti\u00f3n de Reclamaciones Reclamaciones Xcoins (bajo CF Technologies Limited) se compromete a brindar servicios de alta calidad y [&hellip;]<\/p>\n","protected":false},"author":17,"featured_media":0,"parent":0,"menu_order":0,"comment_status":"closed","ping_status":"closed","template":"elementor_header_footer","meta":{"footnotes":""},"class_list":["post-8765","page","type-page","status-publish","hentry"],"yoast_head":"<!-- This site is optimized with the Yoast SEO Premium plugin v27.1 (Yoast SEO v27.2) - https:\/\/yoast.com\/product\/yoast-seo-premium-wordpress\/ -->\n<title>Procedimiento de Gesti\u00f3n de Reclamaciones | Xcoins\u2122 Official<\/title>\n<meta name=\"description\" content=\"Lee la pol\u00edtica y los procedimientos de manejo de quejas de Xcoins. Compra y vende Bitcoin y criptomonedas al instante con nuestra plataforma simple y segura. Soporte activo 24\/7.\" \/>\n<meta name=\"robots\" content=\"index, follow, max-snippet:-1, max-image-preview:large, max-video-preview:-1\" \/>\n<link rel=\"canonical\" href=\"https:\/\/xcoins.com\/es\/politica-de-quejas\/\" \/>\n<meta property=\"og:locale\" content=\"es_ES\" \/>\n<meta property=\"og:type\" content=\"article\" \/>\n<meta property=\"og:title\" content=\"Procedimiento de Gesti\u00f3n de Reclamaciones\" \/>\n<meta property=\"og:description\" content=\"Lee la pol\u00edtica y los procedimientos de manejo de quejas de Xcoins. Compra y vende Bitcoin y criptomonedas al instante con nuestra plataforma simple y segura. Soporte activo 24\/7.\" \/>\n<meta property=\"og:url\" content=\"https:\/\/xcoins.com\/es\/politica-de-quejas\/\" \/>\n<meta property=\"og:site_name\" content=\"Xcoins\u2122 Official\" \/>\n<meta property=\"article:publisher\" content=\"https:\/\/www.facebook.com\/xcoinsofficial\/\" \/>\n<meta property=\"article:modified_time\" content=\"2024-04-23T13:23:48+00:00\" \/>\n<meta property=\"og:image\" content=\"https:\/\/xcoins.com\/wp-content\/uploads\/2023\/05\/english-scaled.jpg\" \/>\n\t<meta property=\"og:image:width\" content=\"2560\" \/>\n\t<meta property=\"og:image:height\" content=\"1338\" \/>\n\t<meta property=\"og:image:type\" content=\"image\/jpeg\" \/>\n<meta name=\"twitter:card\" content=\"summary_large_image\" \/>\n<meta name=\"twitter:site\" content=\"@realxcoins\" \/>\n<meta name=\"twitter:label1\" content=\"Tiempo de lectura\" \/>\n\t<meta name=\"twitter:data1\" content=\"2 minutos\" \/>\n<script type=\"application\/ld+json\" class=\"yoast-schema-graph\">{\"@context\":\"https:\/\/schema.org\",\"@graph\":[{\"@type\":\"WebPage\",\"@id\":\"https:\/\/xcoins.com\/es\/politica-de-quejas\/\",\"url\":\"https:\/\/xcoins.com\/es\/politica-de-quejas\/\",\"name\":\"Procedimiento de Gesti\u00f3n de Reclamaciones | Xcoins\u2122 Official\",\"isPartOf\":{\"@id\":\"https:\/\/xcoins.com\/es\/#website\"},\"datePublished\":\"2023-02-21T13:40:23+00:00\",\"dateModified\":\"2024-04-23T13:23:48+00:00\",\"description\":\"Lee la pol\u00edtica y los procedimientos de manejo de quejas de Xcoins. Compra y vende Bitcoin y criptomonedas al instante con nuestra plataforma simple y segura. Soporte activo 24\/7.\",\"breadcrumb\":{\"@id\":\"https:\/\/xcoins.com\/es\/politica-de-quejas\/#breadcrumb\"},\"inLanguage\":\"es\",\"potentialAction\":[{\"@type\":\"ReadAction\",\"target\":[\"https:\/\/xcoins.com\/es\/politica-de-quejas\/\"]}]},{\"@type\":\"BreadcrumbList\",\"@id\":\"https:\/\/xcoins.com\/es\/politica-de-quejas\/#breadcrumb\",\"itemListElement\":[{\"@type\":\"ListItem\",\"position\":1,\"name\":\"Home\",\"item\":\"https:\/\/xcoins.com\/es\/\"},{\"@type\":\"ListItem\",\"position\":2,\"name\":\"Procedimiento de Gesti\u00f3n de Reclamaciones\"}]},{\"@type\":\"WebSite\",\"@id\":\"https:\/\/xcoins.com\/es\/#website\",\"url\":\"https:\/\/xcoins.com\/es\/\",\"name\":\"Xcoins\u2122 Official\",\"description\":\"Buy and Sell Crypto Instantly\",\"publisher\":{\"@id\":\"https:\/\/xcoins.com\/es\/#organization\"},\"potentialAction\":[{\"@type\":\"SearchAction\",\"target\":{\"@type\":\"EntryPoint\",\"urlTemplate\":\"https:\/\/xcoins.com\/es\/?s={search_term_string}\"},\"query-input\":{\"@type\":\"PropertyValueSpecification\",\"valueRequired\":true,\"valueName\":\"search_term_string\"}}],\"inLanguage\":\"es\"},{\"@type\":\"Organization\",\"@id\":\"https:\/\/xcoins.com\/es\/#organization\",\"name\":\"xcoins.com\",\"url\":\"https:\/\/xcoins.com\/es\/\",\"logo\":{\"@type\":\"ImageObject\",\"inLanguage\":\"es\",\"@id\":\"https:\/\/xcoins.com\/es\/#\/schema\/logo\/image\/\",\"url\":\"https:\/\/xcoins.com\/wp-content\/uploads\/2022\/01\/xcoins-logo.png\",\"contentUrl\":\"https:\/\/xcoins.com\/wp-content\/uploads\/2022\/01\/xcoins-logo.png\",\"width\":559,\"height\":559,\"caption\":\"xcoins.com\"},\"image\":{\"@id\":\"https:\/\/xcoins.com\/es\/#\/schema\/logo\/image\/\"},\"sameAs\":[\"https:\/\/www.facebook.com\/xcoinsofficial\/\",\"https:\/\/x.com\/realxcoins\",\"https:\/\/www.instagram.com\/xcoins.hq\/\",\"https:\/\/www.linkedin.com\/company\/realxcoins\/\"]}]}<\/script>\n<!-- \/ Yoast SEO Premium plugin. -->","yoast_head_json":{"title":"Procedimiento de Gesti\u00f3n de Reclamaciones | Xcoins\u2122 Official","description":"Lee la pol\u00edtica y los procedimientos de manejo de quejas de Xcoins. Compra y vende Bitcoin y criptomonedas al instante con nuestra plataforma simple y segura. Soporte activo 24\/7.","robots":{"index":"index","follow":"follow","max-snippet":"max-snippet:-1","max-image-preview":"max-image-preview:large","max-video-preview":"max-video-preview:-1"},"canonical":"https:\/\/xcoins.com\/es\/politica-de-quejas\/","og_locale":"es_ES","og_type":"article","og_title":"Procedimiento de Gesti\u00f3n de Reclamaciones","og_description":"Lee la pol\u00edtica y los procedimientos de manejo de quejas de Xcoins. Compra y vende Bitcoin y criptomonedas al instante con nuestra plataforma simple y segura. Soporte activo 24\/7.","og_url":"https:\/\/xcoins.com\/es\/politica-de-quejas\/","og_site_name":"Xcoins\u2122 Official","article_publisher":"https:\/\/www.facebook.com\/xcoinsofficial\/","article_modified_time":"2024-04-23T13:23:48+00:00","og_image":[{"width":2560,"height":1338,"url":"https:\/\/xcoins.com\/wp-content\/uploads\/2023\/05\/english-scaled.jpg","type":"image\/jpeg"}],"twitter_card":"summary_large_image","twitter_site":"@realxcoins","twitter_misc":{"Tiempo de lectura":"2 minutos"},"schema":{"@context":"https:\/\/schema.org","@graph":[{"@type":"WebPage","@id":"https:\/\/xcoins.com\/es\/politica-de-quejas\/","url":"https:\/\/xcoins.com\/es\/politica-de-quejas\/","name":"Procedimiento de Gesti\u00f3n de Reclamaciones | Xcoins\u2122 Official","isPartOf":{"@id":"https:\/\/xcoins.com\/es\/#website"},"datePublished":"2023-02-21T13:40:23+00:00","dateModified":"2024-04-23T13:23:48+00:00","description":"Lee la pol\u00edtica y los procedimientos de manejo de quejas de Xcoins. Compra y vende Bitcoin y criptomonedas al instante con nuestra plataforma simple y segura. Soporte activo 24\/7.","breadcrumb":{"@id":"https:\/\/xcoins.com\/es\/politica-de-quejas\/#breadcrumb"},"inLanguage":"es","potentialAction":[{"@type":"ReadAction","target":["https:\/\/xcoins.com\/es\/politica-de-quejas\/"]}]},{"@type":"BreadcrumbList","@id":"https:\/\/xcoins.com\/es\/politica-de-quejas\/#breadcrumb","itemListElement":[{"@type":"ListItem","position":1,"name":"Home","item":"https:\/\/xcoins.com\/es\/"},{"@type":"ListItem","position":2,"name":"Procedimiento de Gesti\u00f3n de Reclamaciones"}]},{"@type":"WebSite","@id":"https:\/\/xcoins.com\/es\/#website","url":"https:\/\/xcoins.com\/es\/","name":"Xcoins\u2122 Official","description":"Buy and Sell Crypto Instantly","publisher":{"@id":"https:\/\/xcoins.com\/es\/#organization"},"potentialAction":[{"@type":"SearchAction","target":{"@type":"EntryPoint","urlTemplate":"https:\/\/xcoins.com\/es\/?s={search_term_string}"},"query-input":{"@type":"PropertyValueSpecification","valueRequired":true,"valueName":"search_term_string"}}],"inLanguage":"es"},{"@type":"Organization","@id":"https:\/\/xcoins.com\/es\/#organization","name":"xcoins.com","url":"https:\/\/xcoins.com\/es\/","logo":{"@type":"ImageObject","inLanguage":"es","@id":"https:\/\/xcoins.com\/es\/#\/schema\/logo\/image\/","url":"https:\/\/xcoins.com\/wp-content\/uploads\/2022\/01\/xcoins-logo.png","contentUrl":"https:\/\/xcoins.com\/wp-content\/uploads\/2022\/01\/xcoins-logo.png","width":559,"height":559,"caption":"xcoins.com"},"image":{"@id":"https:\/\/xcoins.com\/es\/#\/schema\/logo\/image\/"},"sameAs":["https:\/\/www.facebook.com\/xcoinsofficial\/","https:\/\/x.com\/realxcoins","https:\/\/www.instagram.com\/xcoins.hq\/","https:\/\/www.linkedin.com\/company\/realxcoins\/"]}]}},"_links":{"self":[{"href":"https:\/\/xcoins.com\/es\/wp-json\/wp\/v2\/pages\/8765","targetHints":{"allow":["GET"]}}],"collection":[{"href":"https:\/\/xcoins.com\/es\/wp-json\/wp\/v2\/pages"}],"about":[{"href":"https:\/\/xcoins.com\/es\/wp-json\/wp\/v2\/types\/page"}],"author":[{"embeddable":true,"href":"https:\/\/xcoins.com\/es\/wp-json\/wp\/v2\/users\/17"}],"replies":[{"embeddable":true,"href":"https:\/\/xcoins.com\/es\/wp-json\/wp\/v2\/comments?post=8765"}],"version-history":[{"count":0,"href":"https:\/\/xcoins.com\/es\/wp-json\/wp\/v2\/pages\/8765\/revisions"}],"wp:attachment":[{"href":"https:\/\/xcoins.com\/es\/wp-json\/wp\/v2\/media?parent=8765"}],"curies":[{"name":"wp","href":"https:\/\/api.w.org\/{rel}","templated":true}]}}