{"id":13316,"date":"2024-11-19T09:54:55","date_gmt":"2024-11-19T09:54:55","guid":{"rendered":"https:\/\/xcoins.com\/?page_id=13316"},"modified":"2025-01-10T11:09:58","modified_gmt":"2025-01-10T11:09:58","slug":"nehmen-sie-an-unserem-neuen-partnerprogramm-teil","status":"publish","type":"page","link":"https:\/\/xcoins.com\/de\/nehmen-sie-an-unserem-neuen-partnerprogramm-teil\/","title":{"rendered":"Nehmen Sie an unserem neuen Partnerprogramm teil"},"content":{"rendered":"\t\t<div data-elementor-type=\"wp-page\" data-elementor-id=\"13316\" class=\"elementor elementor-13316 elementor-13315\" data-elementor-post-type=\"page\">\n\t\t\t\t\t\t<section class=\"elementor-section elementor-top-section elementor-element elementor-element-73281b5 elementor-section-boxed elementor-section-height-default elementor-section-height-default\" data-id=\"73281b5\" data-element_type=\"section\">\n\t\t\t\t\t\t<div class=\"elementor-container elementor-column-gap-default\">\n\t\t\t\t\t<div class=\"elementor-column elementor-col-100 elementor-top-column elementor-element elementor-element-f05cbea\" data-id=\"f05cbea\" data-element_type=\"column\">\n\t\t\t<div class=\"elementor-widget-wrap elementor-element-populated\">\n\t\t\t\t\t\t<div class=\"elementor-element elementor-element-25ab754 elementor-widget elementor-widget-text-editor\" data-id=\"25ab754\" data-element_type=\"widget\" data-widget_type=\"text-editor.default\">\n\t\t\t\t<div class=\"elementor-widget-container\">\n\t\t\t<style>\/*! elementor - v3.21.0 - 08-05-2024 *\/\n.elementor-widget-text-editor.elementor-drop-cap-view-stacked .elementor-drop-cap{background-color:#69727d;color:#fff}.elementor-widget-text-editor.elementor-drop-cap-view-framed .elementor-drop-cap{color:#69727d;border:3px solid;background-color:transparent}.elementor-widget-text-editor:not(.elementor-drop-cap-view-default) .elementor-drop-cap{margin-top:8px}.elementor-widget-text-editor:not(.elementor-drop-cap-view-default) .elementor-drop-cap-letter{width:1em;height:1em}.elementor-widget-text-editor .elementor-drop-cap{float:left;text-align:center;line-height:1;font-size:50px}.elementor-widget-text-editor .elementor-drop-cap-letter{display:inline-block}<\/style>\t\t\t\t<h2>Nehmen Sie an Unserem Neuen Partnerprogramm Teil &#8211;\u00a0<\/h2><h2>Wir Starten 2025!<\/h2>\t\t\t\t\t\t<\/div>\n\t\t\t\t<\/div>\n\t\t\t\t\t<\/div>\n\t\t<\/div>\n\t\t\t\t\t<\/div>\n\t\t<\/section>\n\t\t\t\t<section class=\"elementor-section elementor-top-section elementor-element elementor-element-ac1fcdd elementor-section-boxed elementor-section-height-default elementor-section-height-default\" data-id=\"ac1fcdd\" data-element_type=\"section\">\n\t\t\t\t\t\t<div class=\"elementor-container elementor-column-gap-default\">\n\t\t\t\t\t<div class=\"elementor-column elementor-col-100 elementor-top-column elementor-element elementor-element-765d72e\" data-id=\"765d72e\" data-element_type=\"column\">\n\t\t\t<div class=\"elementor-widget-wrap elementor-element-populated\">\n\t\t\t\t\t\t<section class=\"elementor-section elementor-inner-section elementor-element elementor-element-bdf6efe elementor-section-boxed elementor-section-height-default elementor-section-height-default\" data-id=\"bdf6efe\" data-element_type=\"section\">\n\t\t\t\t\t\t<div class=\"elementor-container elementor-column-gap-default\">\n\t\t\t\t\t<div class=\"elementor-column elementor-col-100 elementor-inner-column elementor-element elementor-element-c46ac68 bc-g-overlay\" data-id=\"c46ac68\" data-element_type=\"column\" data-settings=\"{&quot;background_background&quot;:&quot;classic&quot;}\">\n\t\t\t<div class=\"elementor-widget-wrap elementor-element-populated\">\n\t\t\t\t\t\t<div class=\"elementor-element elementor-element-4e88b25 c-w2 elementor-widget elementor-widget-text-editor\" data-id=\"4e88b25\" data-element_type=\"widget\" data-widget_type=\"text-editor.default\">\n\t\t\t\t<div class=\"elementor-widget-container\">\n\t\t\t\t\t\t\t<p>Seien Sie unter den Ersten, die an unserem Partnerprogramm 2025 teilnehmen &#8211;<\/p>\n<p>Melden Sie sich f\u00fcr einen exklusiven Fr\u00fchzugang an!<\/p>\n\t\t\t\t\t\t<\/div>\n\t\t\t\t<\/div>\n\t\t\t\t<div class=\"elementor-element elementor-element-40ce328 elementor-widget elementor-widget-shortcode\" data-id=\"40ce328\" data-element_type=\"widget\" data-widget_type=\"shortcode.default\">\n\t\t\t\t<div class=\"elementor-widget-container\">\n\t\t\t\t\t<div class=\"elementor-shortcode\">\n<div class=\"wpcf7 no-js\" id=\"wpcf7-f13556-o1\" lang=\"en-US\" dir=\"ltr\" data-wpcf7-id=\"13556\">\n<div class=\"screen-reader-response\"><p role=\"status\" aria-live=\"polite\" aria-atomic=\"true\"><\/p> <ul><\/ul><\/div>\n<form action=\"\/de\/wp-json\/wp\/v2\/pages\/13316#wpcf7-f13556-o1\" method=\"post\" class=\"wpcf7-form init\" aria-label=\"Contact form\" novalidate=\"novalidate\" data-status=\"init\">\n<fieldset class=\"hidden-fields-container\"><input type=\"hidden\" name=\"_wpcf7\" value=\"13556\" \/><input type=\"hidden\" name=\"_wpcf7_version\" value=\"6.1.5\" \/><input type=\"hidden\" name=\"_wpcf7_locale\" value=\"en_US\" \/><input type=\"hidden\" name=\"_wpcf7_unit_tag\" value=\"wpcf7-f13556-o1\" \/><input type=\"hidden\" name=\"_wpcf7_container_post\" value=\"0\" \/><input type=\"hidden\" name=\"_wpcf7_posted_data_hash\" value=\"\" \/><input type=\"hidden\" name=\"_wpcf7_recaptcha_response\" value=\"\" \/>\n<\/fieldset>\n<fieldset>\n\t<p><label> <span class=\"wpcf7-form-control-wrap\" data-name=\"your-name\"><input size=\"40\" maxlength=\"400\" class=\"wpcf7-form-control wpcf7-text wpcf7-validates-as-required\" aria-required=\"true\" aria-invalid=\"false\" placeholder=\"Name*\" value=\"\" type=\"text\" name=\"your-name\" \/><\/span> <\/label>\n\t<\/p>\n<\/fieldset>\n<fieldset>\n\t<p><label> <span class=\"wpcf7-form-control-wrap\" data-name=\"your-email\"><input size=\"40\" maxlength=\"400\" class=\"wpcf7-form-control wpcf7-email wpcf7-validates-as-required wpcf7-text wpcf7-validates-as-email\" aria-required=\"true\" aria-invalid=\"false\" placeholder=\"Email*\" value=\"\" type=\"email\" name=\"your-email\" \/><\/span> <\/label>\n\t<\/p>\n<\/fieldset>\n<fieldset>\n\t<p><label> <span class=\"wpcf7-form-control-wrap\" data-name=\"your-message\"><textarea cols=\"40\" rows=\"10\" maxlength=\"2000\" class=\"wpcf7-form-control wpcf7-textarea wpcf7-validates-as-required\" aria-required=\"true\" aria-invalid=\"false\" placeholder=\"Your message*\" name=\"your-message\"><\/textarea><\/span> <\/label>\n\t<\/p>\n<\/fieldset>\n<p><input class=\"wpcf7-form-control wpcf7-submit has-spinner\" type=\"submit\" value=\"Send Message\" \/>\n<\/p><div class=\"wpcf7-response-output\" aria-hidden=\"true\"><\/div>\n<\/form>\n<\/div>\n<\/div>\n\t\t\t\t<\/div>\n\t\t\t\t<\/div>\n\t\t\t\t\t<\/div>\n\t\t<\/div>\n\t\t\t\t\t<\/div>\n\t\t<\/section>\n\t\t\t\t\t<\/div>\n\t\t<\/div>\n\t\t\t\t\t<\/div>\n\t\t<\/section>\n\t\t\t\t<section class=\"elementor-section elementor-top-section elementor-element elementor-element-ef2de2e elementor-section-boxed elementor-section-height-default elementor-section-height-default\" data-id=\"ef2de2e\" data-element_type=\"section\">\n\t\t\t\t\t\t<div class=\"elementor-container elementor-column-gap-default\">\n\t\t\t\t\t<div class=\"elementor-column elementor-col-100 elementor-top-column elementor-element elementor-element-b7587a3\" data-id=\"b7587a3\" data-element_type=\"column\">\n\t\t\t<div class=\"elementor-widget-wrap elementor-element-populated\">\n\t\t\t\t\t\t<div class=\"elementor-element elementor-element-c649e97 c-w2 elementor-widget elementor-widget-heading\" data-id=\"c649e97\" data-element_type=\"widget\" data-widget_type=\"heading.default\">\n\t\t\t\t<div class=\"elementor-widget-container\">\n\t\t\t<style>\/*! elementor - v3.21.0 - 08-05-2024 *\/\n.elementor-heading-title{padding:0;margin:0;line-height:1}.elementor-widget-heading .elementor-heading-title[class*=elementor-size-]>a{color:inherit;font-size:inherit;line-height:inherit}.elementor-widget-heading .elementor-heading-title.elementor-size-small{font-size:15px}.elementor-widget-heading .elementor-heading-title.elementor-size-medium{font-size:19px}.elementor-widget-heading .elementor-heading-title.elementor-size-large{font-size:29px}.elementor-widget-heading .elementor-heading-title.elementor-size-xl{font-size:39px}.elementor-widget-heading .elementor-heading-title.elementor-size-xxl{font-size:59px}<\/style><h2 class=\"elementor-heading-title elementor-size-default\">Brauchen Sie Hilfe?  <\/h2>\t\t<\/div>\n\t\t\t\t<\/div>\n\t\t\t\t\t<\/div>\n\t\t<\/div>\n\t\t\t\t\t<\/div>\n\t\t<\/section>\n\t\t\t\t<section class=\"elementor-section elementor-top-section elementor-element elementor-element-c1f9980 elementor-section-boxed elementor-section-height-default elementor-section-height-default\" data-id=\"c1f9980\" data-element_type=\"section\">\n\t\t\t\t\t\t<div class=\"elementor-container elementor-column-gap-default\">\n\t\t\t\t\t<div class=\"elementor-column elementor-col-100 elementor-top-column elementor-element elementor-element-6c3cddc\" data-id=\"6c3cddc\" data-element_type=\"column\">\n\t\t\t<div class=\"elementor-widget-wrap elementor-element-populated\">\n\t\t\t\t\t\t<section class=\"elementor-section elementor-inner-section elementor-element elementor-element-d0d3055 elementor-section-content-top elementor-section-boxed elementor-section-height-default elementor-section-height-default\" data-id=\"d0d3055\" data-element_type=\"section\">\n\t\t\t\t\t\t<div class=\"elementor-container elementor-column-gap-default\">\n\t\t\t\t\t<div class=\"elementor-column elementor-col-33 elementor-inner-column elementor-element elementor-element-97cbe65\" data-id=\"97cbe65\" data-element_type=\"column\">\n\t\t\t<div class=\"elementor-widget-wrap elementor-element-populated\">\n\t\t\t\t\t\t<div class=\"elementor-element elementor-element-f292dc0 c-w2 elementor-widget elementor-widget-text-editor\" data-id=\"f292dc0\" data-element_type=\"widget\" data-widget_type=\"text-editor.default\">\n\t\t\t\t<div class=\"elementor-widget-container\">\n\t\t\t\t\t\t\t<div class=\"flex\">\n\n<img decoding=\"async\" class=\"alignnone size-full wp-image-9170\" src=\"https:\/\/xcoins.com\/wp-content\/uploads\/2023\/04\/mail.svg\" alt=\"Mail\" width=\"25\" height=\"24\">\n<div>E-Mail<\/div>\n<\/div>\t\t\t\t\t\t<\/div>\n\t\t\t\t<\/div>\n\t\t\t\t<div class=\"elementor-element elementor-element-a3ced92 elementor-widget elementor-widget-text-editor\" data-id=\"a3ced92\" data-element_type=\"widget\" data-widget_type=\"text-editor.default\">\n\t\t\t\t<div class=\"elementor-widget-container\">\n\t\t\t\t\t\t\t<a href=\"mailto:%20help@xcoins.com\">  help@xcoins.com<\/a>\n\n\t\t\t\t\t\t<\/div>\n\t\t\t\t<\/div>\n\t\t\t\t\t<\/div>\n\t\t<\/div>\n\t\t\t\t<div class=\"elementor-column elementor-col-33 elementor-inner-column elementor-element elementor-element-6a62c0e\" data-id=\"6a62c0e\" data-element_type=\"column\" data-settings=\"{&quot;background_background&quot;:&quot;classic&quot;}\">\n\t\t\t<div class=\"elementor-widget-wrap elementor-element-populated\">\n\t\t\t\t\t\t<div class=\"elementor-element elementor-element-2fd5aa6 c-w2 elementor-widget elementor-widget-text-editor\" data-id=\"2fd5aa6\" data-element_type=\"widget\" data-widget_type=\"text-editor.default\">\n\t\t\t\t<div class=\"elementor-widget-container\">\n\t\t\t\t\t\t\t<div class=\"flex\"><img decoding=\"async\" class=\"alignnone size-full wp-image-9172\" src=\"https:\/\/xcoins.com\/wp-content\/uploads\/2023\/04\/phone-call.svg\" alt=\"Telefon\" width=\"25\" height=\"24\">\n<div>Telefon (U.S.)<\/div>\n<\/div>\t\t\t\t\t\t<\/div>\n\t\t\t\t<\/div>\n\t\t\t\t<div class=\"elementor-element elementor-element-539420c elementor-widget elementor-widget-heading\" data-id=\"539420c\" data-element_type=\"widget\" data-widget_type=\"heading.default\">\n\t\t\t\t<div class=\"elementor-widget-container\">\n\t\t\t<span class=\"elementor-heading-title elementor-size-default\">+888 71COINS<\/span>\t\t<\/div>\n\t\t\t\t<\/div>\n\t\t\t\t\t<\/div>\n\t\t<\/div>\n\t\t\t\t<div class=\"elementor-column elementor-col-33 elementor-inner-column elementor-element elementor-element-590a98a\" data-id=\"590a98a\" data-element_type=\"column\">\n\t\t\t<div class=\"elementor-widget-wrap elementor-element-populated\">\n\t\t\t\t\t\t<div class=\"elementor-element elementor-element-a62cc6e c-w2 elementor-widget elementor-widget-text-editor\" data-id=\"a62cc6e\" data-element_type=\"widget\" data-widget_type=\"text-editor.default\">\n\t\t\t\t<div class=\"elementor-widget-container\">\n\t\t\t\t\t\t\t<div class=\"flex\"><img decoding=\"async\" class=\"alignnone size-full wp-image-9168\" src=\"https:\/\/xcoins.com\/wp-content\/uploads\/2023\/04\/globe.svg\" alt=\"Weltkugel\" width=\"25\" height=\"24\">\n<div>Telefon (International)<\/div>\n<\/div>\t\t\t\t\t\t<\/div>\n\t\t\t\t<\/div>\n\t\t\t\t<div class=\"elementor-element elementor-element-b21c72a elementor-widget elementor-widget-heading\" data-id=\"b21c72a\" data-element_type=\"widget\" data-widget_type=\"heading.default\">\n\t\t\t\t<div class=\"elementor-widget-container\">\n\t\t\t<span class=\"elementor-heading-title elementor-size-default\">+1 (305) 946 1796<\/span>\t\t<\/div>\n\t\t\t\t<\/div>\n\t\t\t\t\t<\/div>\n\t\t<\/div>\n\t\t\t\t\t<\/div>\n\t\t<\/section>\n\t\t\t\t\t<\/div>\n\t\t<\/div>\n\t\t\t\t\t<\/div>\n\t\t<\/section>\n\t\t\t\t<section class=\"elementor-section elementor-top-section elementor-element elementor-element-9cc13d4 elementor-section-boxed elementor-section-height-default elementor-section-height-default\" data-id=\"9cc13d4\" data-element_type=\"section\">\n\t\t\t\t\t\t<div class=\"elementor-container elementor-column-gap-default\">\n\t\t\t\t\t<div class=\"elementor-column elementor-col-100 elementor-top-column elementor-element elementor-element-26c6607\" data-id=\"26c6607\" data-element_type=\"column\">\n\t\t\t<div class=\"elementor-widget-wrap elementor-element-populated\">\n\t\t\t\t\t\t<div class=\"elementor-element elementor-element-8206a81 c-w2 elementor-widget elementor-widget-text-editor\" data-id=\"8206a81\" data-element_type=\"widget\" data-widget_type=\"text-editor.default\">\n\t\t\t\t<div class=\"elementor-widget-container\">\n\t\t\t\t\t\t\t<div class=\"flex\">\n<div class=\"line\"><\/div>\n<div>oder<\/div>\n<div class=\"line\"><\/div>\n<\/div>\t\t\t\t\t\t<\/div>\n\t\t\t\t<\/div>\n\t\t\t\t\t<\/div>\n\t\t<\/div>\n\t\t\t\t\t<\/div>\n\t\t<\/section>\n\t\t\t\t<section class=\"elementor-section elementor-top-section elementor-element elementor-element-bf16e07 elementor-section-boxed elementor-section-height-default elementor-section-height-default\" data-id=\"bf16e07\" data-element_type=\"section\">\n\t\t\t\t\t\t<div class=\"elementor-container elementor-column-gap-default\">\n\t\t\t\t\t<div class=\"elementor-column elementor-col-100 elementor-top-column elementor-element elementor-element-6bc9001\" data-id=\"6bc9001\" data-element_type=\"column\">\n\t\t\t<div class=\"elementor-widget-wrap\">\n\t\t\t\t\t\t\t<\/div>\n\t\t<\/div>\n\t\t\t\t\t<\/div>\n\t\t<\/section>\n\t\t\t\t<\/div>\n\t\t","protected":false},"excerpt":{"rendered":"<p>Nehmen Sie an Unserem Neuen Partnerprogramm Teil &#8211;\u00a0 Wir Starten 2025! Seien Sie unter den Ersten, die an unserem Partnerprogramm [&hellip;]<\/p>\n","protected":false},"author":9,"featured_media":0,"parent":0,"menu_order":0,"comment_status":"closed","ping_status":"closed","template":"elementor_header_footer","meta":{"footnotes":""},"class_list":["post-13316","page","type-page","status-publish","hentry"],"yoast_head":"<!-- This site is optimized with the Yoast SEO Premium plugin v27.1 (Yoast SEO v27.4) - https:\/\/yoast.com\/product\/yoast-seo-premium-wordpress\/ -->\n<title>Werden Sie ein Partner I Xcoins<\/title>\n<meta name=\"description\" content=\"Bleiben Sie auf dem Laufenden und entdecken Sie aufregende neue M\u00f6glichkeiten f\u00fcr unser \u00e4u\u00dferst lohnendes Partnerprogramm, das f\u00fcr 2025 geplant ist!\" \/>\n<meta name=\"robots\" content=\"index, follow, max-snippet:-1, max-image-preview:large, max-video-preview:-1\" \/>\n<link rel=\"canonical\" href=\"https:\/\/xcoins.com\/de\/nehmen-sie-an-unserem-neuen-partnerprogramm-teil\/\" \/>\n<meta property=\"og:locale\" content=\"de_DE\" \/>\n<meta property=\"og:type\" content=\"article\" \/>\n<meta property=\"og:title\" content=\"Nehmen Sie an unserem neuen Partnerprogramm teil\" \/>\n<meta property=\"og:description\" content=\"Bleiben Sie auf dem Laufenden und entdecken Sie aufregende neue M\u00f6glichkeiten f\u00fcr unser \u00e4u\u00dferst lohnendes Partnerprogramm, das f\u00fcr 2025 geplant ist!\" \/>\n<meta property=\"og:url\" content=\"https:\/\/xcoins.com\/de\/nehmen-sie-an-unserem-neuen-partnerprogramm-teil\/\" \/>\n<meta property=\"og:site_name\" content=\"Xcoins\u2122 Official\" \/>\n<meta property=\"article:publisher\" content=\"https:\/\/www.facebook.com\/xcoinsofficial\/\" \/>\n<meta property=\"article:modified_time\" content=\"2025-01-10T11:09:58+00:00\" \/>\n<meta property=\"og:image\" content=\"http:\/\/xcoins.com\/wp-content\/uploads\/2023\/05\/english-1024x535.jpg\" \/>\n<meta name=\"twitter:card\" content=\"summary_large_image\" \/>\n<meta name=\"twitter:site\" content=\"@realxcoins\" \/>\n<meta name=\"twitter:label1\" content=\"Gesch\u00e4tzte Lesezeit\" \/>\n\t<meta name=\"twitter:data1\" content=\"1 Minute\" \/>\n<script type=\"application\/ld+json\" class=\"yoast-schema-graph\">{\"@context\":\"https:\\\/\\\/schema.org\",\"@graph\":[{\"@type\":\"WebPage\",\"@id\":\"https:\\\/\\\/xcoins.com\\\/de\\\/nehmen-sie-an-unserem-neuen-partnerprogramm-teil\\\/\",\"url\":\"https:\\\/\\\/xcoins.com\\\/de\\\/nehmen-sie-an-unserem-neuen-partnerprogramm-teil\\\/\",\"name\":\"Werden Sie ein Partner I Xcoins\",\"isPartOf\":{\"@id\":\"https:\\\/\\\/xcoins.com\\\/de\\\/#website\"},\"primaryImageOfPage\":{\"@id\":\"https:\\\/\\\/xcoins.com\\\/de\\\/nehmen-sie-an-unserem-neuen-partnerprogramm-teil\\\/#primaryimage\"},\"image\":{\"@id\":\"https:\\\/\\\/xcoins.com\\\/de\\\/nehmen-sie-an-unserem-neuen-partnerprogramm-teil\\\/#primaryimage\"},\"thumbnailUrl\":\"https:\\\/\\\/xcoins.com\\\/wp-content\\\/uploads\\\/2023\\\/04\\\/mail.svg\",\"datePublished\":\"2024-11-19T09:54:55+00:00\",\"dateModified\":\"2025-01-10T11:09:58+00:00\",\"description\":\"Bleiben Sie auf dem Laufenden und entdecken Sie aufregende neue M\u00f6glichkeiten f\u00fcr unser \u00e4u\u00dferst lohnendes Partnerprogramm, das f\u00fcr 2025 geplant ist!\",\"breadcrumb\":{\"@id\":\"https:\\\/\\\/xcoins.com\\\/de\\\/nehmen-sie-an-unserem-neuen-partnerprogramm-teil\\\/#breadcrumb\"},\"inLanguage\":\"de-DE\",\"potentialAction\":[{\"@type\":\"ReadAction\",\"target\":[\"https:\\\/\\\/xcoins.com\\\/de\\\/nehmen-sie-an-unserem-neuen-partnerprogramm-teil\\\/\"]}]},{\"@type\":\"ImageObject\",\"inLanguage\":\"de-DE\",\"@id\":\"https:\\\/\\\/xcoins.com\\\/de\\\/nehmen-sie-an-unserem-neuen-partnerprogramm-teil\\\/#primaryimage\",\"url\":\"https:\\\/\\\/xcoins.com\\\/wp-content\\\/uploads\\\/2023\\\/04\\\/mail.svg\",\"contentUrl\":\"https:\\\/\\\/xcoins.com\\\/wp-content\\\/uploads\\\/2023\\\/04\\\/mail.svg\"},{\"@type\":\"BreadcrumbList\",\"@id\":\"https:\\\/\\\/xcoins.com\\\/de\\\/nehmen-sie-an-unserem-neuen-partnerprogramm-teil\\\/#breadcrumb\",\"itemListElement\":[{\"@type\":\"ListItem\",\"position\":1,\"name\":\"Home\",\"item\":\"https:\\\/\\\/xcoins.com\\\/de\\\/\"},{\"@type\":\"ListItem\",\"position\":2,\"name\":\"Nehmen Sie an unserem neuen Partnerprogramm teil\"}]},{\"@type\":\"WebSite\",\"@id\":\"https:\\\/\\\/xcoins.com\\\/de\\\/#website\",\"url\":\"https:\\\/\\\/xcoins.com\\\/de\\\/\",\"name\":\"Xcoins\u2122 Official\",\"description\":\"Buy and Sell Crypto Instantly\",\"publisher\":{\"@id\":\"https:\\\/\\\/xcoins.com\\\/de\\\/#organization\"},\"potentialAction\":[{\"@type\":\"SearchAction\",\"target\":{\"@type\":\"EntryPoint\",\"urlTemplate\":\"https:\\\/\\\/xcoins.com\\\/de\\\/?s={search_term_string}\"},\"query-input\":{\"@type\":\"PropertyValueSpecification\",\"valueRequired\":true,\"valueName\":\"search_term_string\"}}],\"inLanguage\":\"de-DE\"},{\"@type\":\"Organization\",\"@id\":\"https:\\\/\\\/xcoins.com\\\/de\\\/#organization\",\"name\":\"xcoins.com\",\"url\":\"https:\\\/\\\/xcoins.com\\\/de\\\/\",\"logo\":{\"@type\":\"ImageObject\",\"inLanguage\":\"de-DE\",\"@id\":\"https:\\\/\\\/xcoins.com\\\/de\\\/#\\\/schema\\\/logo\\\/image\\\/\",\"url\":\"https:\\\/\\\/xcoins.com\\\/wp-content\\\/uploads\\\/2022\\\/01\\\/xcoins-logo.png\",\"contentUrl\":\"https:\\\/\\\/xcoins.com\\\/wp-content\\\/uploads\\\/2022\\\/01\\\/xcoins-logo.png\",\"width\":559,\"height\":559,\"caption\":\"xcoins.com\"},\"image\":{\"@id\":\"https:\\\/\\\/xcoins.com\\\/de\\\/#\\\/schema\\\/logo\\\/image\\\/\"},\"sameAs\":[\"https:\\\/\\\/www.facebook.com\\\/xcoinsofficial\\\/\",\"https:\\\/\\\/x.com\\\/realxcoins\",\"https:\\\/\\\/www.instagram.com\\\/xcoins.hq\\\/\",\"https:\\\/\\\/www.linkedin.com\\\/company\\\/realxcoins\\\/\"]}]}<\/script>\n<!-- \/ Yoast SEO Premium plugin. -->","yoast_head_json":{"title":"Werden Sie ein Partner I Xcoins","description":"Bleiben Sie auf dem Laufenden und entdecken Sie aufregende neue M\u00f6glichkeiten f\u00fcr unser \u00e4u\u00dferst lohnendes Partnerprogramm, das f\u00fcr 2025 geplant ist!","robots":{"index":"index","follow":"follow","max-snippet":"max-snippet:-1","max-image-preview":"max-image-preview:large","max-video-preview":"max-video-preview:-1"},"canonical":"https:\/\/xcoins.com\/de\/nehmen-sie-an-unserem-neuen-partnerprogramm-teil\/","og_locale":"de_DE","og_type":"article","og_title":"Nehmen Sie an unserem neuen Partnerprogramm teil","og_description":"Bleiben Sie auf dem Laufenden und entdecken Sie aufregende neue M\u00f6glichkeiten f\u00fcr unser \u00e4u\u00dferst lohnendes Partnerprogramm, das f\u00fcr 2025 geplant ist!","og_url":"https:\/\/xcoins.com\/de\/nehmen-sie-an-unserem-neuen-partnerprogramm-teil\/","og_site_name":"Xcoins\u2122 Official","article_publisher":"https:\/\/www.facebook.com\/xcoinsofficial\/","article_modified_time":"2025-01-10T11:09:58+00:00","og_image":[{"url":"http:\/\/xcoins.com\/wp-content\/uploads\/2023\/05\/english-1024x535.jpg","type":"","width":"","height":""}],"twitter_card":"summary_large_image","twitter_site":"@realxcoins","twitter_misc":{"Gesch\u00e4tzte Lesezeit":"1 Minute"},"schema":{"@context":"https:\/\/schema.org","@graph":[{"@type":"WebPage","@id":"https:\/\/xcoins.com\/de\/nehmen-sie-an-unserem-neuen-partnerprogramm-teil\/","url":"https:\/\/xcoins.com\/de\/nehmen-sie-an-unserem-neuen-partnerprogramm-teil\/","name":"Werden Sie ein Partner I Xcoins","isPartOf":{"@id":"https:\/\/xcoins.com\/de\/#website"},"primaryImageOfPage":{"@id":"https:\/\/xcoins.com\/de\/nehmen-sie-an-unserem-neuen-partnerprogramm-teil\/#primaryimage"},"image":{"@id":"https:\/\/xcoins.com\/de\/nehmen-sie-an-unserem-neuen-partnerprogramm-teil\/#primaryimage"},"thumbnailUrl":"https:\/\/xcoins.com\/wp-content\/uploads\/2023\/04\/mail.svg","datePublished":"2024-11-19T09:54:55+00:00","dateModified":"2025-01-10T11:09:58+00:00","description":"Bleiben Sie auf dem Laufenden und entdecken Sie aufregende neue M\u00f6glichkeiten f\u00fcr unser \u00e4u\u00dferst lohnendes Partnerprogramm, das f\u00fcr 2025 geplant ist!","breadcrumb":{"@id":"https:\/\/xcoins.com\/de\/nehmen-sie-an-unserem-neuen-partnerprogramm-teil\/#breadcrumb"},"inLanguage":"de-DE","potentialAction":[{"@type":"ReadAction","target":["https:\/\/xcoins.com\/de\/nehmen-sie-an-unserem-neuen-partnerprogramm-teil\/"]}]},{"@type":"ImageObject","inLanguage":"de-DE","@id":"https:\/\/xcoins.com\/de\/nehmen-sie-an-unserem-neuen-partnerprogramm-teil\/#primaryimage","url":"https:\/\/xcoins.com\/wp-content\/uploads\/2023\/04\/mail.svg","contentUrl":"https:\/\/xcoins.com\/wp-content\/uploads\/2023\/04\/mail.svg"},{"@type":"BreadcrumbList","@id":"https:\/\/xcoins.com\/de\/nehmen-sie-an-unserem-neuen-partnerprogramm-teil\/#breadcrumb","itemListElement":[{"@type":"ListItem","position":1,"name":"Home","item":"https:\/\/xcoins.com\/de\/"},{"@type":"ListItem","position":2,"name":"Nehmen Sie an unserem neuen Partnerprogramm teil"}]},{"@type":"WebSite","@id":"https:\/\/xcoins.com\/de\/#website","url":"https:\/\/xcoins.com\/de\/","name":"Xcoins\u2122 Official","description":"Buy and Sell Crypto Instantly","publisher":{"@id":"https:\/\/xcoins.com\/de\/#organization"},"potentialAction":[{"@type":"SearchAction","target":{"@type":"EntryPoint","urlTemplate":"https:\/\/xcoins.com\/de\/?s={search_term_string}"},"query-input":{"@type":"PropertyValueSpecification","valueRequired":true,"valueName":"search_term_string"}}],"inLanguage":"de-DE"},{"@type":"Organization","@id":"https:\/\/xcoins.com\/de\/#organization","name":"xcoins.com","url":"https:\/\/xcoins.com\/de\/","logo":{"@type":"ImageObject","inLanguage":"de-DE","@id":"https:\/\/xcoins.com\/de\/#\/schema\/logo\/image\/","url":"https:\/\/xcoins.com\/wp-content\/uploads\/2022\/01\/xcoins-logo.png","contentUrl":"https:\/\/xcoins.com\/wp-content\/uploads\/2022\/01\/xcoins-logo.png","width":559,"height":559,"caption":"xcoins.com"},"image":{"@id":"https:\/\/xcoins.com\/de\/#\/schema\/logo\/image\/"},"sameAs":["https:\/\/www.facebook.com\/xcoinsofficial\/","https:\/\/x.com\/realxcoins","https:\/\/www.instagram.com\/xcoins.hq\/","https:\/\/www.linkedin.com\/company\/realxcoins\/"]}]}},"_links":{"self":[{"href":"https:\/\/xcoins.com\/de\/wp-json\/wp\/v2\/pages\/13316","targetHints":{"allow":["GET"]}}],"collection":[{"href":"https:\/\/xcoins.com\/de\/wp-json\/wp\/v2\/pages"}],"about":[{"href":"https:\/\/xcoins.com\/de\/wp-json\/wp\/v2\/types\/page"}],"author":[{"embeddable":true,"href":"https:\/\/xcoins.com\/de\/wp-json\/wp\/v2\/users\/9"}],"replies":[{"embeddable":true,"href":"https:\/\/xcoins.com\/de\/wp-json\/wp\/v2\/comments?post=13316"}],"version-history":[{"count":0,"href":"https:\/\/xcoins.com\/de\/wp-json\/wp\/v2\/pages\/13316\/revisions"}],"wp:attachment":[{"href":"https:\/\/xcoins.com\/de\/wp-json\/wp\/v2\/media?parent=13316"}],"curies":[{"name":"wp","href":"https:\/\/api.w.org\/{rel}","templated":true}]}}